{"id":1002,"date":"2021-10-20T15:06:36","date_gmt":"2021-10-20T15:06:36","guid":{"rendered":"http:\/\/www.praguefearhouse.com\/?page_id=1002"},"modified":"2025-05-03T21:08:41","modified_gmt":"2025-05-03T19:08:41","slug":"provozni-rad","status":"publish","type":"page","link":"https:\/\/praguefearhouse.com\/en\/provozni-rad\/","title":{"rendered":"Operation Rules"},"content":{"rendered":"<ol class=\"wp-block-list\">\r\n<li style=\"text-align: left;\"><strong>1. Basic information<\/strong><br \/>Prague Fear House is a \u201cghost train\u201d type attraction in the premises situated in the basement of a house <br \/>in Prague 1 at Vodi\u010dkova 32, post code 110 00 with a staffed bar offering refreshments.<br \/>Prague Fear House je provozov\u00e1n ve vybran\u00fdch pracovn\u00edch dnech \u010ct, P\u00e1 od 14.00 hod. do 22.00 hod., <br \/>a v So od 12.00 hod do 24.00 hod. Bar je otev\u0159en denn\u011b krom\u011b Pond\u011bl\u00ed, v pracovn\u00edch dnech od<br \/>working days from 2 a.m. to 12 p.m. and at weekends and on holidays from 12 a.m. to 12 p.m.<br \/>Provozovatelem Prague Fear House je obchodn\u00ed spole\u010dnost Prague Fear House s.r.o., I\u010c: 04729897, <br \/>se s\u00eddlem Lodeck\u00e1 1181\/4, Praha 1 &#8211; Nov\u00e9 M\u011bsto, PS\u010c 110 00, zapsan\u00e1 v obchodn\u00edm rejst\u0159\u00edku veden\u00e9m <br \/>by the Municipal Court in Prague, section C, record 252780 (hereinafter referred to as the \u201cOperator\u201d).<\/li>\r\n\r\n\r\n\r\n<li class=\"translation-block\"><strong>Events organised by the Operator\n<\/strong><br>\nPrague Fear House tours are organised along marked tour routes in the cellar \/ basement premises of Prague Fear House. The tours are held mostly in the dark in the specific area adapted for this purpose and they have a high fear effect on the Event participants due to their nature or arrangement.\n<br>\nPrague Fear House tours are organised in two versions \u2013 in the \u201cregular\u201d version and in the \u201chard\u201d version (hereinafter jointly or individually referred to as the \u201cAkce\u201d). The Events in the \u201cregular\u201d version are organised by the Operator every day in the opening hours. The events in the \u201chard\u201d version are only available after a prior e-mail or telephone agreement.\n<br>\nDuring the Event the participants visit the individual rooms of the tour route and see performance by the persons hired by the Operator (hereinafter referred to as the \u201cHerci\u201d). For the purpose of their performance and roles, the Actors will be dressed and masked accordingly and they will scare the participants within their roles. In the \u201chard\u201d version of the Event the Actors may pretend attacking the participants and they may even come into physical contact with them.\n<br>\nThe Event in the \u201cregular\u201d version is for minimum 1 person and maximum 4 people. The Event in the \u201cregular\u201d version lasts approx. 15 \u2013 20 minutes.\n<br>\nThe Event in the \u201chard\u201d version is for minimum 1 person and maximum 2 people. The Event in the \u201chard\u201d version lasts approx. 30 minutes.\n<br>\nChildren under 15 are not allowed to attend the Event. Children at the age of 15 and older may attend only the Event in the \u201cregular\u201d version. The Event in the \u201chard\u201d version can only be attended by people over 18.\n<br>\nAttendance in the Event is conditioned by submitting a valid ticket.<\/li>\r\n\r\n\r\n\r\n<li class=\"translation-block\"><strong>Organisation of events<\/strong><br>\n\nWhen a valid ticket is purchased and submitted, the Event participants will gather in the first room of the tour route and will be informed by a person authorised by the Operator about the nature and course of the Event and instructed about the rules of participation in it. Before the Event is commenced, the participants are obliged to read these operation rules. The participants in the \u201chard\u201d version Event are obliged to confirm that they have read the rules to the Operator in the provided declaration forms by appending their signatures.\n<br>\nThe participants in the \u201chard\u201d version Event will be instructed by a representative of the Operator about the rule of using the \u201ccode word\u201d and they will be told this \u201ccode word\u201d. They are aware of the fact that if they say this \u201ccode word\u201d during the Event aloud and comprehensibly, their attendance in the Event will be terminated immediately and they will not be entitled to the admission refund.\n<br>\nAfter being informed about this, the Event participant is entitled to refuse their attendance in the Event and if so, the admission will be refunded to them. If the Event participant does not use this opportunity, starts his\/her participation in the Event and then terminates it due to any reason, the participant is not entitled to the admission refund.\n<br>\nThe attendance in the Event is commenced when the participants enter the Prague Fear House tour route. During the Event, the participants walk themselves in the direction of the marked tour. The participants are obliged to stay together and walk along the tour route one after another \u2013 only in the direction marked.\n<br>\nWith regard to the fact that the Prague Fear House tours are held in specific premises and mainly in the dark, it is necessary for the participants to stay in physical contact for the whole time of the Event \u2013 ideally by walking one after another and holding the shoulders of the participant in front of them with at least one hand.\n<br>\nThe participants are aware of the fact that the tour of Prague Fear House includes thrilling situations and moments which can be stressful to a certain degree. These are part and the core of the Event and none of the participants of the Event will get into a really dangerous situation during the Event.\n<br>\nIt is possible that during the Event the clothes of the participants may be soiled or stained and it is probable with regard to the specific nature of the premises and performance of the Actors. With regard to the fact that the Event happens mostly in the dark and it is not possible to anticipate the reaction of the participants to the performance of the Actors, a participant in the Event may fall over, crash into something or hit another participant, damage his\/her clothes or get injured, grazed or bruised or cause damage to another participant. After being duly instructed by the Operator and when informed about these operation rules, the participants start the Event with full awareness of all the risks connected with their participation in the Event and solely at their own risk. The participants do not have any claims towards the Operator for compensation of any damage to property and health which occurs or may occur during their participation in the Event.\n<br>\nDuring the Event the participant is not allowed to keep any weapons or other dangerous items which could endanger the health or possessions of the other participants of the Event, the Operator or any persons authorised by the Operator.<\/li>\r\n\r\n\r\n\r\n<li class=\"translation-block\"><strong>Other rights and obligations of the participants<\/strong><br>\n\nA person who wants to attend the Event is obliged to read these operation rules before the Event is commenced and observe the stipulated obligations without any reservations.\n<br>\nPeople intoxicated with alcohol or drugs are forbidden to take part in the Event. Attendance in the Event is not recommended for pregnant women, nervous people or people with mental, heart or breathing disorders as well as for people suffering from claustrophobia.\n<br>\nUpon request from the Operator, a participant of the Event is obliged to prove duly their age by presenting a valid identity card.\n<br>\nEvery participant attends the event at their own risk.\n<br>\nThe Event participant is obliged to observe these operation rules and follow the instructions from the Operator and Actors. During the Event, the participant is obliged to move solely in the direction marked in the Event and stay in the area designated for participants. During the tour, the Event participant must not move in direction other than the one marked and is not allowed to stay in the individual rooms of the tour without a reason.\n<br>\nThe Event participant agrees that if he\/she does not observe safety or operation rules or instructions from the representatives of the Operator and Actors, he\/she can be marched out of the Event and premises of the Operator without being entitled to the admission refund.\n<br>\nThe Event participant is obliged to endure the Actors\u2019 performance passively and must not prevent their acting actively \u2013 he\/she must not attack the Actors in any way, especially to kick them or scratch them.\n<br>\nIn the \u201chard\u201c version, if a participant attending the Event wants to stop his\/her participation in the Event due to any reason, he\/she will say the \u201ccode word\u201d aloud and comprehensibly to any of the nearest Actors.\n<br>\nThe Operator reserves the right not to admit any person to the premises of Prague Fear House or to participation in the Event without stating the reason. At the same time the Operator reserves the right to terminate attendance in the Event for the participants who breached the rules stipulated by these operation rules or who disturb the Event or the other participants with their behaviour \u2013 without the participants being entitled to the admission refund.\n<br>\nIn the premises of Prague Fear House it is forbidden to smoke and use naked flame.\n<br>\nBy attendance at the Event, the participant gives his\/her consent to the Operator with taking photographs and making audiovisual recordings of his\/her attendance in the Event and with publishing these recordings within the scope of the promotion and presentation of Prague Fear House or of the Operator. This consent is granted solely for the above specified purpose and it is valid until revoked by the participant.\n<br>\nIt is forbidden for the participant to take photos or make any other audiovisual recordings from the Event. If this ban is breached or if any other obligation or ban stipulated by these operation rules is breached resulting in damage to the equipment of Prague Fear House, the participant is obliged to pay to the Operator a contractual penalty of CZK 5,000. This does not affect the right of the Operator for damage compensation at full amount. If an obligation or ban stipulated by these operation rules is breached, the Operator is also entitled to terminate the participant\u2019s attendance at the Event immediately without the participant being entitled to the admission refund.\n<br>\nBefore the Event is commenced, the participants are obliged to leave their personal belongings and any valuables in the supervised cloakroom. The Operator is not responsible for any damage or loss of the personal belongings or valuables if they are not left in the supervised cloakrooms.<\/li>\r\n\r\n\r\n\r\n<li><strong>Final provisions<\/strong><br \/>The Operator reserves the right to change these operation rules.<br \/>These operation rules come into force on 1 March 2017.<\/li>\r\n<\/ol>","protected":false},"excerpt":{"rendered":"Z\u00e1kladn\u00ed informacePrague Fear House je \u201ed\u016fm hr\u016fzy\u201c, kter\u00fd je provozov\u00e1n v prostor\u00e1ch nach\u00e1zej\u00edc\u00edch se v suter\u00e9nu domu na adrese Praha 1, Vodi\u010dkova 32, PS\u010c 110 00, jeho sou\u010d\u00e1st\u00ed je bar s nab\u00eddkou ob\u010derstven\u00ed a obsluhou.Prague Fear House je provozov\u00e1n ve vybran\u00fdch pracovn\u00edch dnech \u010ct, P\u00e1 od 14.00 hod. do 22.00 hod., a v So od [...]","protected":false},"author":12,"featured_media":0,"parent":0,"menu_order":0,"comment_status":"closed","ping_status":"closed","template":"","meta":{"footnotes":"","_links_to":"","_links_to_target":""},"class_list":["post-1002","page","type-page","status-publish","hentry"],"yoast_head":"<!-- This site is optimized with the Yoast SEO plugin v26.2 - https:\/\/yoast.com\/wordpress\/plugins\/seo\/ -->\n<title>Provozn\u00ed \u0159\u00e1d - Prague Fear House<\/title>\n<meta name=\"robots\" content=\"index, follow, max-snippet:-1, max-image-preview:large, max-video-preview:-1\" \/>\n<link rel=\"canonical\" href=\"https:\/\/praguefearhouse.com\/en\/provozni-rad\/\" \/>\n<meta property=\"og:locale\" content=\"en_GB\" \/>\n<meta property=\"og:type\" content=\"article\" \/>\n<meta property=\"og:title\" content=\"Provozn\u00ed \u0159\u00e1d - Prague Fear House\" \/>\n<meta property=\"og:url\" content=\"https:\/\/praguefearhouse.com\/en\/provozni-rad\/\" \/>\n<meta property=\"og:site_name\" content=\"Prague Fear House\" \/>\n<meta property=\"article:modified_time\" content=\"2025-05-03T19:08:41+00:00\" \/>\n<meta name=\"twitter:card\" content=\"summary_large_image\" \/>\n<meta name=\"twitter:label1\" content=\"Estimated reading time\" \/>\n\t<meta name=\"twitter:data1\" content=\"8 minutes\" \/>\n<script type=\"application\/ld+json\" class=\"yoast-schema-graph\">{\"@context\":\"https:\/\/schema.org\",\"@graph\":[{\"@type\":\"WebPage\",\"@id\":\"https:\/\/praguefearhouse.com\/provozni-rad\/\",\"url\":\"https:\/\/praguefearhouse.com\/provozni-rad\/\",\"name\":\"Provozn\u00ed \u0159\u00e1d - Prague Fear House\",\"isPartOf\":{\"@id\":\"https:\/\/praguefearhouse.com\/#website\"},\"datePublished\":\"2021-10-20T15:06:36+00:00\",\"dateModified\":\"2025-05-03T19:08:41+00:00\",\"breadcrumb\":{\"@id\":\"https:\/\/praguefearhouse.com\/provozni-rad\/#breadcrumb\"},\"inLanguage\":\"en-GB\",\"potentialAction\":[{\"@type\":\"ReadAction\",\"target\":[\"https:\/\/praguefearhouse.com\/provozni-rad\/\"]}]},{\"@type\":\"BreadcrumbList\",\"@id\":\"https:\/\/praguefearhouse.com\/provozni-rad\/#breadcrumb\",\"itemListElement\":[{\"@type\":\"ListItem\",\"position\":1,\"name\":\"Dom\u016f\",\"item\":\"https:\/\/praguefearhouse.com\/\"},{\"@type\":\"ListItem\",\"position\":2,\"name\":\"Provozn\u00ed \u0159\u00e1d\"}]},{\"@type\":\"WebSite\",\"@id\":\"https:\/\/praguefearhouse.com\/#website\",\"url\":\"https:\/\/praguefearhouse.com\/\",\"name\":\"Prague Fear House\",\"description\":\"Nic pro slab\u00e1 srdce\",\"publisher\":{\"@id\":\"https:\/\/praguefearhouse.com\/#organization\"},\"potentialAction\":[{\"@type\":\"SearchAction\",\"target\":{\"@type\":\"EntryPoint\",\"urlTemplate\":\"https:\/\/praguefearhouse.com\/?s={search_term_string}\"},\"query-input\":{\"@type\":\"PropertyValueSpecification\",\"valueRequired\":true,\"valueName\":\"search_term_string\"}}],\"inLanguage\":\"en-GB\"},{\"@type\":\"Organization\",\"@id\":\"https:\/\/praguefearhouse.com\/#organization\",\"name\":\"Prague Fear House s.r.o.\",\"url\":\"https:\/\/praguefearhouse.com\/\",\"logo\":{\"@type\":\"ImageObject\",\"inLanguage\":\"en-GB\",\"@id\":\"https:\/\/praguefearhouse.com\/#\/schema\/logo\/image\/\",\"url\":\"http:\/\/www.praguefearhouse.com\/wp-content\/uploads\/2021\/10\/cropped-cropped-cropped-20211015-112643-1.png\",\"contentUrl\":\"http:\/\/www.praguefearhouse.com\/wp-content\/uploads\/2021\/10\/cropped-cropped-cropped-20211015-112643-1.png\",\"width\":512,\"height\":512,\"caption\":\"Prague Fear House s.r.o.\"},\"image\":{\"@id\":\"https:\/\/praguefearhouse.com\/#\/schema\/logo\/image\/\"}}]}<\/script>\n<!-- \/ Yoast SEO plugin. -->","yoast_head_json":{"title":"Provozn\u00ed \u0159\u00e1d - Prague Fear House","robots":{"index":"index","follow":"follow","max-snippet":"max-snippet:-1","max-image-preview":"max-image-preview:large","max-video-preview":"max-video-preview:-1"},"canonical":"https:\/\/praguefearhouse.com\/en\/provozni-rad\/","og_locale":"en_GB","og_type":"article","og_title":"Provozn\u00ed \u0159\u00e1d - Prague Fear House","og_url":"https:\/\/praguefearhouse.com\/en\/provozni-rad\/","og_site_name":"Prague Fear House","article_modified_time":"2025-05-03T19:08:41+00:00","twitter_card":"summary_large_image","twitter_misc":{"Estimated reading time":"8 minutes"},"schema":{"@context":"https:\/\/schema.org","@graph":[{"@type":"WebPage","@id":"https:\/\/praguefearhouse.com\/provozni-rad\/","url":"https:\/\/praguefearhouse.com\/provozni-rad\/","name":"Provozn\u00ed \u0159\u00e1d - Prague Fear House","isPartOf":{"@id":"https:\/\/praguefearhouse.com\/#website"},"datePublished":"2021-10-20T15:06:36+00:00","dateModified":"2025-05-03T19:08:41+00:00","breadcrumb":{"@id":"https:\/\/praguefearhouse.com\/provozni-rad\/#breadcrumb"},"inLanguage":"en-GB","potentialAction":[{"@type":"ReadAction","target":["https:\/\/praguefearhouse.com\/provozni-rad\/"]}]},{"@type":"BreadcrumbList","@id":"https:\/\/praguefearhouse.com\/provozni-rad\/#breadcrumb","itemListElement":[{"@type":"ListItem","position":1,"name":"Dom\u016f","item":"https:\/\/praguefearhouse.com\/"},{"@type":"ListItem","position":2,"name":"Provozn\u00ed \u0159\u00e1d"}]},{"@type":"WebSite","@id":"https:\/\/praguefearhouse.com\/#website","url":"https:\/\/praguefearhouse.com\/","name":"Prague Fear House","description":"Nic pro slab\u00e1 srdce","publisher":{"@id":"https:\/\/praguefearhouse.com\/#organization"},"potentialAction":[{"@type":"SearchAction","target":{"@type":"EntryPoint","urlTemplate":"https:\/\/praguefearhouse.com\/?s={search_term_string}"},"query-input":{"@type":"PropertyValueSpecification","valueRequired":true,"valueName":"search_term_string"}}],"inLanguage":"en-GB"},{"@type":"Organization","@id":"https:\/\/praguefearhouse.com\/#organization","name":"Prague Fear House s.r.o.","url":"https:\/\/praguefearhouse.com\/","logo":{"@type":"ImageObject","inLanguage":"en-GB","@id":"https:\/\/praguefearhouse.com\/#\/schema\/logo\/image\/","url":"http:\/\/www.praguefearhouse.com\/wp-content\/uploads\/2021\/10\/cropped-cropped-cropped-20211015-112643-1.png","contentUrl":"http:\/\/www.praguefearhouse.com\/wp-content\/uploads\/2021\/10\/cropped-cropped-cropped-20211015-112643-1.png","width":512,"height":512,"caption":"Prague Fear House s.r.o."},"image":{"@id":"https:\/\/praguefearhouse.com\/#\/schema\/logo\/image\/"}}]}},"_links":{"self":[{"href":"https:\/\/praguefearhouse.com\/en\/wp-json\/wp\/v2\/pages\/1002","targetHints":{"allow":["GET"]}}],"collection":[{"href":"https:\/\/praguefearhouse.com\/en\/wp-json\/wp\/v2\/pages"}],"about":[{"href":"https:\/\/praguefearhouse.com\/en\/wp-json\/wp\/v2\/types\/page"}],"author":[{"embeddable":true,"href":"https:\/\/praguefearhouse.com\/en\/wp-json\/wp\/v2\/users\/12"}],"replies":[{"embeddable":true,"href":"https:\/\/praguefearhouse.com\/en\/wp-json\/wp\/v2\/comments?post=1002"}],"version-history":[{"count":4,"href":"https:\/\/praguefearhouse.com\/en\/wp-json\/wp\/v2\/pages\/1002\/revisions"}],"predecessor-version":[{"id":3120,"href":"https:\/\/praguefearhouse.com\/en\/wp-json\/wp\/v2\/pages\/1002\/revisions\/3120"}],"wp:attachment":[{"href":"https:\/\/praguefearhouse.com\/en\/wp-json\/wp\/v2\/media?parent=1002"}],"curies":[{"name":"wp","href":"https:\/\/api.w.org\/{rel}","templated":true}]}}