{"id":1252,"date":"2021-10-24T13:57:45","date_gmt":"2021-10-24T13:57:45","guid":{"rendered":"http:\/\/www.praguefearhouse.com\/?page_id=1252"},"modified":"2021-11-08T09:59:00","modified_gmt":"2021-11-08T09:59:00","slug":"pribeh-fear-house","status":"publish","type":"page","link":"https:\/\/praguefearhouse.com\/en\/pribeh-fear-house\/","title":{"rendered":"P\u0159\u00edb\u011bh Fear House"},"content":{"rendered":"<div id=\"akce\" data-vc-full-width=\"true\" data-vc-full-width-init=\"false\" data-vc-stretch-content=\"true\" class=\"vc_row wpb_row vc_row-fluid vc_custom_1636126272013 vc_row-no-padding\"><div class=\"wpb_column vc_column_container vc_col-sm-12\"><div class=\"vc_column-inner\"><div class=\"wpb_wrapper\"><div class=\"vc_row wpb_row vc_inner vc_row-fluid dotted_bg vc_custom_1636021617683\"><div class=\"wpb_column vc_column_container vc_col-sm-12\"><div class=\"vc_column-inner vc_custom_1636361735661\"><div class=\"wpb_wrapper\"><h1 style=\"font-size: 48px;color: #ffffff;text-align: center\" class=\"vc_custom_heading\" >Prague Fear House<\/h1><\/div><\/div><\/div><\/div><\/div><\/div><\/div><\/div><div class=\"vc_row-full-width\"><\/div><div class=\"vc_row wpb_row vc_row-fluid vc_custom_1635007710181\"><div class=\"container\">\n\t\t\t\t\t<div class=\"row\"><div class=\"wpb_column vc_column_container vc_col-sm-12\"><div class=\"vc_column-inner\"><div class=\"wpb_wrapper\">\n\t<div class=\"wpb_text_column wpb_content_element\" >\n\t\t<div class=\"wpb_wrapper\">\n\t\t\t<h3 style=\"text-align: center;\">Fifteenth Century Butcher\u2019s shop<\/h3>\n<p>&nbsp;<\/p>\n<div style=\"text-align: center;\">\n<div>\n<p>We started searching deep into Prague\u2019s history. We learned Vodickova street was named after a butcher named Vodickova, whose shop was located here in the fifteenth century. His shop was located midway between the horse market and the livestock market, which were at the ends of the street. The blood flowed here for many years like a river current.<\/p>\n<p>In Rudolph II of the Hapsburg Empire chose Prague as the capital city of his kingdom. He started coming to the butcher\u2019s shop to buy blood from newborn cows, and especially blood from foals. The butcher continued killing manz young animals, taking the mother\u2019s first milk and many other terrible things, and since this time strange things have been occuring on these grounds.<\/p>\n<div><\/div>\n<\/div>\n<\/div>\n<div>\n<div>\n<p style=\"text-align: center;\">In our reseach we found many reports from the end of the fifteenth century of ghosts being obsessed with small children. The butcher\u2019s shop closed in the middle of the sixteenth century, at which time the street name was changed from Big Butcher\u2019s street to Vodickova street. The street currently called Skolska was named Big Butcher\u2018s street. The history of this place is very disturbing.<\/p>\n<p style=\"text-align: center;\">A team of occult specialists found many details which show strange and energetic events which are capable of influencing our reality. The occult experts believe these events must have happened recently, most likely in the first half of the twentieth century. Special infrared cameras repeatedly picked up strange changes of temperature in three places in the dungeon. They also filmed strange luminescent objects. One member of the team remembered seeing these objects in the documentary about Jihlava dungeon by investagative journalist Stanislav Motol. This documentary looked at a group of SS soldiers who examined the dungeon and reported seeing strange and unexplainable objects. Once we learned all of this information we started composing our own unbelievable story.<\/p>\n<\/div>\n<\/div>\n\n\t\t<\/div>\n\t<\/div>\n\n\t<div class=\"wpb_raw_code wpb_content_element wpb_raw_html vc_custom_1636361819409 room-info\" >\n\t\t<div class=\"wpb_wrapper\">\n\t\t\t<div class=\"room-att-info\">\n                            <div class=\"icon\">\n                            \t<i class=\"pe pe-4x pe-va pe-7s-user\"><\/i>\n                            <\/div>\n                            <div class=\"room-caption\">\n                            \t<h6>GROUP SIZE<\/h6>\n                        \t\t<p class=\"lead\"> 5 max.<\/p>\n                            <\/div>\n                            <div class=\"icon\">\n                                <i class=\"pe pe-4x pe-va pe-7s-upload\"><\/i>\n                            <\/div>\n                            <div class=\"room-caption\">\n                            \t<h6>ACCESSIBILITY<\/h6>\n                        \t\t<p class=\"lead\">15+<\/p>\n                            <\/div>\n                            <div class=\"icon\">\n                            \t<img decoding=\"async\" style=\"height: 70px\" src=\"http:\/\/www.praguefearhouse.com\/wp-content\/uploads\/2021\/11\/origin_img_v2_fae76df7-07c0-4f47-bdd7-32e32999f33h.png\"><\/img>\n                            <\/div>\n                            <div class=\"room-caption\">\n                            \t<h6>HORROR EXPERIENCE<\/h6>\n                        \t\t<p class=\"lead\">100%<\/p>\n                            <\/div>\n                        <\/div>\n\n<a style=\"text-align:center\" class=\"btn btn-sm btn-primary\" href=\"https:\/\/praguefearhouse.com\/en\/product-category\/prague-fear-house\/\">TICKETS<\/a>\n\t\t<\/div>\n\t<\/div>\n\n\t<div class=\"wpb_text_column wpb_content_element  vc_custom_1636365516867\" >\n\t\t<div class=\"wpb_wrapper\">\n\t\t\t<h3 style=\"text-align: center;\">Black Knights of the SS<\/h3>\n<p>&nbsp;<\/p>\n<div style=\"text-align: center;\">\n<div>\n<p>When Adolf Hitler came to power in the 30\u2019s, the property where our haunted house is currently located changed renters. The cellar was bought by German Doctor Karl Hermann and his wife, Judith and daughter Helga. He had just fled his surgery practice in Dresden, Germany because his wife was Jewish. He quickly realized Prague would not be safe either, but he didn\u2018t have time to get out before the war started.<\/p>\n<p>In the cellar Hermann began constructing a dungeon where his wife and daughter would be kept. He officially renounced his wife and daughter and joined the SS. Upon searching his background, the SS found he was related to Schreiber Hermann, a significant Aryan occultist from the 19th century. Schreiber was a specialist in hereditary diseases. His schizophrenia soon became clear to those around him. On one hand he had access to top members of the SS, including Heinrich Himmler. On the other, hand he was hiding two Jews, which was considered a terrible crime during the Third Reich. Karl Hermann made a deal with the devil. According to preserved documents, he was working on a project called T4, which invloved the euthenasia of psycologically impaired children. The experiments were conducted in Northern Bohemia. It is almost certian many children were killed in his dungeon on Vodickova street. He began practicing occultist rituals and surgeries on his wife and daughter to make them Aryan. Dr. Karl Hermann\u2019s sadistic theater didn\u2019t stop until the end of World War 2.<\/p>\n<div><\/div>\n<\/div>\n<\/div>\n<div>\n<div>\n<p style=\"text-align: center;\">Four children escaped this bloodbath, and found Dr. Hermann with his wife and daughter, along with two gaurds from the concentration camp Flossenburg. The children overpowered them using Chloroform, and disected them as they had seen Dr. Hermann do many times.<\/p>\n<p style=\"text-align: center;\">These facts were compliled using indirect evidence and the testimonies of dead people, which in large part are very confusing when read today. All files from the Black Knights of the SS were hidden until people discovered Stechovicky Poklad\u2018 a collection of files which include information on many members including Dr. Hermann.<\/p>\n<p style=\"text-align: center;\">Experts have measured abnormal activity, and witnesses have experienced severe anxiety and panic, often demanding to leave. Enter at your own risk\u2026<\/p>\n<\/div>\n<\/div>\n\n\t\t<\/div>\n\t<\/div>\n\n\t<div class=\"wpb_raw_code wpb_content_element wpb_raw_html room-info\" >\n\t\t<div class=\"wpb_wrapper\">\n\t\t\t<a style=\"text-align:center\" class=\"btn btn-sm btn-primary\" href=\"https:\/\/praguefearhouse.com\/en\/product-category\/prague-fear-house\/\">TICKETS<\/a>\n\t\t<\/div>\n\t<\/div>\n<\/div><\/div><\/div><\/div><\/div><\/div><div id=\"kontakt\" data-vc-full-width=\"true\" data-vc-full-width-init=\"false\" data-vc-stretch-content=\"true\" data-vc-parallax-image=\"https:\/\/www.youtube.com\/watch?v=0VtvvNHF-D4&amp;control=0&amp;disablekb=1&amp;loop=1\" data-vc-video-bg=\"https:\/\/www.youtube.com\/watch?v=0VtvvNHF-D4&amp;control=0&amp;disablekb=1&amp;loop=1\" class=\"vc_row wpb_row vc_row-fluid vc_custom_1636120889113 vc_row-o-full-height vc_video-bg-container\"><div class=\"wpb_column vc_column_container vc_col-sm-12\"><div class=\"vc_column-inner\"><div class=\"wpb_wrapper\"><div id=\"kontakt-text\" class=\"vc_row wpb_row vc_inner vc_row-fluid vc_custom_1636118691605 vc_row-has-fill\"><div class=\"wpb_column vc_column_container vc_col-sm-12\"><div class=\"vc_column-inner\"><div class=\"wpb_wrapper\"><h2 style=\"color: #ffffff;text-align: center\" class=\"vc_custom_heading vc_custom_1636214190717\" >Contact<\/h2><\/div><\/div><\/div><div class=\"wpb_column vc_column_container vc_col-sm-6\"><div class=\"vc_column-inner\"><div class=\"wpb_wrapper\"><div class=\"vc_empty_space\"   style=\"height: 32px\"><span class=\"vc_empty_space_inner\"><\/span><\/div><div class=\"contactbox\">\n\t\t\t\t<div class=\"icon\">\n\t\t\t\t\t<i style=\"color:#d91e18;\" class=\"feather icon-map pe-3x\"><\/i>\n\t\t\t\t<\/div>\n\t\t\t\t<div class=\"caption\">\n\t\t\t\t\t<p class=\"lead\" style=\"color:#999999;\">Vodi\u010dkova 32, 110 00 Praha 1<\/p>\n\t\t\t\t<\/div>\n\t\t\t  <\/div><div class=\"contactbox\">\n\t\t\t\t<div class=\"icon\">\n\t\t\t\t\t<i style=\"color:#d91e18;\" class=\"feather icon-phone pe-3x\"><\/i>\n\t\t\t\t<\/div>\n\t\t\t\t<div class=\"caption\">\n\t\t\t\t\t<p class=\"lead\" style=\"color:#999999;\">+420 606 065 110<\/p>\n\t\t\t\t<\/div>\n\t\t\t  <\/div><div class=\"contactbox\">\n\t\t\t\t<div class=\"icon\">\n\t\t\t\t\t<i style=\"color:#d91e18;\" class=\"feather icon-mail pe-3x\"><\/i>\n\t\t\t\t<\/div>\n\t\t\t\t<div class=\"caption\">\n\t\t\t\t\t<p class=\"lead\" style=\"color:#999999;\"><a style=\"color: red;\" href=\"mailto:rezervace@praguefearhouse.com\">rezervace@praguefearhouse.com<\/a><\/p>\n\t\t\t\t<\/div>\n\t\t\t  <\/div><div class=\"contactbox\">\n\t\t\t\t<div class=\"icon\">\n\t\t\t\t\t<i style=\"color:#d91e18;\" class=\"feather icon-clock pe-3x\"><\/i>\n\t\t\t\t<\/div>\n\t\t\t\t<div class=\"caption\">\n\t\t\t\t\t<p class=\"lead\" style=\"color:#999999;\"><\/p>\n<h3>Prague Fear Bar<\/h3>\n<p style=\"color: #999;\">Mon-Tue: Closed<br \/>\nWed-Thu: 18:00-24:00<br \/>\nFri-Sat : 17:00 \u2013 03:00<br \/>\nSun: Closed<\/p>\n<h3>Prague Fear House<\/h3>\n<p style=\"color: #999;\">Mon-Thu: Closed<br \/>\nFri-Sat : 16:00 \u2013 03:00<br \/>\nSun: Closed<\/p>\n<h4>We also organize events outside opening hours. Follow our social networks and always be in the picture!<\/h4>\n<p><\/p>\n\t\t\t\t<\/div>\n\t\t\t  <\/div><\/div><\/div><\/div><div class=\"wpb_column vc_column_container vc_col-sm-6\"><div class=\"vc_column-inner\"><div class=\"wpb_wrapper\">\n<div class=\"wpcf7 no-js\" id=\"wpcf7-f369-o1\" lang=\"en-US\" dir=\"ltr\" data-wpcf7-id=\"369\">\n<div class=\"screen-reader-response\"><p role=\"status\" aria-live=\"polite\" aria-atomic=\"true\"><\/p> <ul><\/ul><\/div>\n<form action=\"\/en\/wp-json\/wp\/v2\/pages\/1252#wpcf7-f369-o1\" method=\"post\" class=\"wpcf7-form init\" aria-label=\"Contact form\" novalidate=\"novalidate\" data-status=\"init\" data-trp-original-action=\"\/en\/wp-json\/wp\/v2\/pages\/1252#wpcf7-f369-o1\">\n<fieldset class=\"hidden-fields-container\"><input type=\"hidden\" name=\"_wpcf7\" value=\"369\" \/><input type=\"hidden\" name=\"_wpcf7_version\" value=\"6.1.3\" \/><input type=\"hidden\" name=\"_wpcf7_locale\" value=\"en_US\" \/><input type=\"hidden\" name=\"_wpcf7_unit_tag\" value=\"wpcf7-f369-o1\" \/><input type=\"hidden\" name=\"_wpcf7_container_post\" value=\"0\" \/><input type=\"hidden\" name=\"_wpcf7_posted_data_hash\" value=\"\" \/>\n<\/fieldset>\n<!--<script src=\"https:\/\/www.google.com\/recaptcha\/api.js\" async defer><\/script>-->\n<p><script src='https:\/\/www.google.com\/recaptcha\/api.js?onload=recaptchaOnload&render=explicit' async defer><\/script>\n<\/p>\n<div class=\"row\">\n\t<div class=\"col-lg-4\">\n\t\t<h4>Name\n\t\t<\/h4>\n\t\t<p><span class=\"wpcf7-form-control-wrap\" data-name=\"your-name\"><input size=\"40\" maxlength=\"400\" class=\"wpcf7-form-control wpcf7-text wpcf7-validates-as-required form-control mb-4\" aria-required=\"true\" aria-invalid=\"false\" value=\"\" type=\"text\" name=\"your-name\" \/><\/span>\n\t\t<\/p>\n\t<\/div>\n\t<div class=\"col-lg-4\">\n\t\t<h4>Email\n\t\t<\/h4>\n\t\t<p><span class=\"wpcf7-form-control-wrap\" data-name=\"your-email\"><input size=\"40\" maxlength=\"400\" class=\"wpcf7-form-control wpcf7-email wpcf7-validates-as-required wpcf7-text wpcf7-validates-as-email form-control mb-4\" aria-required=\"true\" aria-invalid=\"false\" value=\"\" type=\"email\" name=\"your-email\" \/><\/span>\n\t\t<\/p>\n\t<\/div>\n\t<div class=\"col-lg-4\">\n\t\t<h4>Subject\n\t\t<\/h4>\n\t\t<p><span class=\"wpcf7-form-control-wrap\" data-name=\"your-subject\"><input size=\"40\" maxlength=\"400\" class=\"wpcf7-form-control wpcf7-text wpcf7-validates-as-required form-control mb-4\" aria-required=\"true\" aria-invalid=\"false\" value=\"\" type=\"text\" name=\"your-subject\" \/><\/span>\n\t\t<\/p>\n\t<\/div>\n\t<div class=\"col-lg-12\">\n\t\t<h4>Your message\n\t\t<\/h4>\n\t\t<p><span class=\"wpcf7-form-control-wrap\" data-name=\"textarea-956\"><textarea cols=\"40\" rows=\"10\" maxlength=\"2000\" class=\"wpcf7-form-control wpcf7-textarea wpcf7-validates-as-required form-control\" aria-required=\"true\" aria-invalid=\"false\" name=\"textarea-956\"><\/textarea><\/span>\n\t\t<\/p>\n\n<!--\n<div class=\"form-group\">\n<div class=\"g-recaptcha\" data-sitekey=\"6Lc37FkfAAAAALSZ40bXO5LXb5vHajDd5UWIbSx3\"><\/div>\n<\/div>\n-->\n\t\t<div id=\"recaptcha\" class=\"g-recaptcha\" data-sitekey=\"site key here\">\n\t\t\t<div id=\"cf7sr-69f105b4edb1d\" class=\"cf7sr-g-recaptcha\" data-theme=\"light\" data-type=\"image\" data-size=\"normal\" data-sitekey=\"6Lc37FkfAAAAALSZ40bXO5LXb5vHajDd5UWIbSx3\"><\/div><span class=\"wpcf7-form-control-wrap cf7sr-recaptcha\" data-name=\"cf7sr-recaptcha\"><input type=\"hidden\" name=\"cf7sr-recaptcha\" value=\"\" class=\"wpcf7-form-control\"><\/span>\n\t\t\t<\/p>\n\t\t<\/div>\n\t\t<p style=\"color: #999;\"><span class=\"wpcf7-form-control-wrap\" data-name=\"acceptance-207\"><span class=\"wpcf7-form-control wpcf7-acceptance\"><span class=\"wpcf7-list-item\"><input type=\"checkbox\" name=\"acceptance-207\" value=\"1\" aria-invalid=\"false\" \/><\/span><\/span><\/span> I agree to our <a href=\"https:\/\/praguefearhouse.com\/en\/cs\/obchodni-podminky\/\" style=\"color:#d91e18;\">terms and conditions<\/a>\n\t\t<\/p>\n\t\t<p><input class=\"wpcf7-form-control wpcf7-submit has-spinner btn btn-outline-primary\" type=\"submit\" value=\"Send\" \/>\n\t\t<\/p>\n\t<\/div>\n<\/div>\n<p><script>\nvar _captchaTries = 0;\nfunction recaptchaOnload() {\n _captchaTries++;\n if (_captchaTries > 9)\n return;\n if ($('.g-recaptcha').length > 0) {\n grecaptcha.render(\"recaptcha\", {\n sitekey: 'site key here',\n callback: function() {\n console.log('recaptcha callback');\n }\n });\n return;\n }\n window.setTimeout(recaptchaOnload, 1000);\n}\n<\/script>\n<\/p><p style=\"display: none !important;\" class=\"akismet-fields-container\" data-prefix=\"_wpcf7_ak_\"><label>&#916;<textarea name=\"_wpcf7_ak_hp_textarea\" cols=\"45\" rows=\"8\" maxlength=\"100\"><\/textarea><\/label><input type=\"hidden\" id=\"ak_js_1\" name=\"_wpcf7_ak_js\" value=\"178\"\/><script>document.getElementById( \"ak_js_1\" ).setAttribute( \"value\", ( new Date() ).getTime() );<\/script><\/p><div class=\"wpcf7-response-output\" aria-hidden=\"true\"><\/div>\n<input type=\"hidden\" name=\"trp-form-language\" value=\"en\"\/><\/form>\n<\/div>\n<\/div><\/div><\/div><\/div><div class=\"wpb_gmaps_widget wpb_content_element\"><div class=\"wpb_wrapper\"><div class=\"wpb_map_wraper\"><iframe src=\"https:\/\/www.google.com\/maps\/embed?pb=!1m14!1m8!1m3!1d7043.4949582631925!2d14.417340158417966!3d50.08138811706938!3m2!1i1024!2i768!4f13.1!3m3!1m2!1s0x0%3A0x9db2db422a63dd1d!2sPrague%20Fear%20House!5e0!3m2!1scs!2scz!4v1636048878477!5m2!1scs!2scz\" width=\"1920\" height=\"300\" style=\"border:0;\" allowfullscreen=\"\" loading=\"lazy\"><\/iframe><\/div><\/div><\/div><\/div><\/div><\/div><\/div><div class=\"vc_row-full-width\"><\/div><div class=\"vc_row wpb_row vc_row-fluid\"><div class=\"container\">\n\t\t\t\t\t<div class=\"row\"><div class=\"wpb_column vc_column_container vc_col-sm-12\"><div class=\"vc_column-inner\"><div class=\"wpb_wrapper\"><\/div><\/div><\/div><\/div><\/div><\/div><div class=\"vc_row wpb_row vc_row-fluid\"><div class=\"container\">\n\t\t\t\t\t<div class=\"row\"><div class=\"wpb_column vc_column_container vc_col-sm-12\"><div class=\"vc_column-inner\"><div class=\"wpb_wrapper\"><\/div><\/div><\/div><\/div><\/div><\/div>","protected":false},"excerpt":{"rendered":"Prague Fear House \u0158EZN\u00cdK Z 15. STOLET\u00cd &nbsp; P\u00e1tr\u00e1n\u00ed za\u010dalo hluboko v historii t\u00e9to \u010d\u00e1sti Prahy. Mimochodem, ulice se jmenuje po \u0159ezn\u00edku Vodi\u010dkovi, kter\u00fd m\u011bl \u0159eznictv\u00ed pr\u00e1v\u011b v m\u00edstech, kde se nach\u00e1z\u00edme. Bylo to v patn\u00e1ct\u00e9m stolet\u00ed a jeho zv\u00ed\u0159ec\u00ed katovna st\u00e1la p\u0159esn\u011b v p\u016fli cesty mezi ko\u0148sk\u00fdm a dobyt\u010d\u00edm trhem na obou konc\u00edch ulice. [...]","protected":false},"author":3,"featured_media":0,"parent":0,"menu_order":0,"comment_status":"closed","ping_status":"closed","template":"","meta":{"footnotes":"","_links_to":"","_links_to_target":""},"class_list":["post-1252","page","type-page","status-publish","hentry"],"yoast_head":"<!-- This site is optimized with the Yoast SEO plugin v26.2 - https:\/\/yoast.com\/wordpress\/plugins\/seo\/ -->\n<title>P\u0159\u00edb\u011bh Fear House - Prague Fear House<\/title>\n<meta name=\"robots\" content=\"index, follow, max-snippet:-1, max-image-preview:large, max-video-preview:-1\" \/>\n<link rel=\"canonical\" href=\"https:\/\/praguefearhouse.com\/en\/pribeh-fear-house\/\" \/>\n<meta property=\"og:locale\" content=\"en_GB\" \/>\n<meta property=\"og:type\" content=\"article\" \/>\n<meta property=\"og:title\" content=\"P\u0159\u00edb\u011bh Fear House - Prague Fear House\" \/>\n<meta property=\"og:url\" content=\"https:\/\/praguefearhouse.com\/en\/pribeh-fear-house\/\" \/>\n<meta property=\"og:site_name\" content=\"Prague Fear House\" \/>\n<meta property=\"article:modified_time\" content=\"2021-11-08T09:59:00+00:00\" \/>\n<meta name=\"twitter:card\" content=\"summary_large_image\" \/>\n<meta name=\"twitter:label1\" content=\"Estimated reading time\" \/>\n\t<meta name=\"twitter:data1\" content=\"10 minutes\" \/>\n<script type=\"application\/ld+json\" class=\"yoast-schema-graph\">{\"@context\":\"https:\/\/schema.org\",\"@graph\":[{\"@type\":\"WebPage\",\"@id\":\"https:\/\/praguefearhouse.com\/pribeh-fear-house\/\",\"url\":\"https:\/\/praguefearhouse.com\/pribeh-fear-house\/\",\"name\":\"P\u0159\u00edb\u011bh Fear House - Prague Fear House\",\"isPartOf\":{\"@id\":\"https:\/\/praguefearhouse.com\/#website\"},\"datePublished\":\"2021-10-24T13:57:45+00:00\",\"dateModified\":\"2021-11-08T09:59:00+00:00\",\"breadcrumb\":{\"@id\":\"https:\/\/praguefearhouse.com\/pribeh-fear-house\/#breadcrumb\"},\"inLanguage\":\"en-GB\",\"potentialAction\":[{\"@type\":\"ReadAction\",\"target\":[\"https:\/\/praguefearhouse.com\/pribeh-fear-house\/\"]}]},{\"@type\":\"BreadcrumbList\",\"@id\":\"https:\/\/praguefearhouse.com\/pribeh-fear-house\/#breadcrumb\",\"itemListElement\":[{\"@type\":\"ListItem\",\"position\":1,\"name\":\"Dom\u016f\",\"item\":\"https:\/\/praguefearhouse.com\/\"},{\"@type\":\"ListItem\",\"position\":2,\"name\":\"P\u0159\u00edb\u011bh Fear House\"}]},{\"@type\":\"WebSite\",\"@id\":\"https:\/\/praguefearhouse.com\/#website\",\"url\":\"https:\/\/praguefearhouse.com\/\",\"name\":\"Prague Fear House\",\"description\":\"Nic pro slab\u00e1 srdce\",\"publisher\":{\"@id\":\"https:\/\/praguefearhouse.com\/#organization\"},\"potentialAction\":[{\"@type\":\"SearchAction\",\"target\":{\"@type\":\"EntryPoint\",\"urlTemplate\":\"https:\/\/praguefearhouse.com\/?s={search_term_string}\"},\"query-input\":{\"@type\":\"PropertyValueSpecification\",\"valueRequired\":true,\"valueName\":\"search_term_string\"}}],\"inLanguage\":\"en-GB\"},{\"@type\":\"Organization\",\"@id\":\"https:\/\/praguefearhouse.com\/#organization\",\"name\":\"Prague Fear House s.r.o.\",\"url\":\"https:\/\/praguefearhouse.com\/\",\"logo\":{\"@type\":\"ImageObject\",\"inLanguage\":\"en-GB\",\"@id\":\"https:\/\/praguefearhouse.com\/#\/schema\/logo\/image\/\",\"url\":\"http:\/\/www.praguefearhouse.com\/wp-content\/uploads\/2021\/10\/cropped-cropped-cropped-20211015-112643-1.png\",\"contentUrl\":\"http:\/\/www.praguefearhouse.com\/wp-content\/uploads\/2021\/10\/cropped-cropped-cropped-20211015-112643-1.png\",\"width\":512,\"height\":512,\"caption\":\"Prague Fear House s.r.o.\"},\"image\":{\"@id\":\"https:\/\/praguefearhouse.com\/#\/schema\/logo\/image\/\"}}]}<\/script>\n<!-- \/ Yoast SEO plugin. -->","yoast_head_json":{"title":"P\u0159\u00edb\u011bh Fear House - Prague Fear House","robots":{"index":"index","follow":"follow","max-snippet":"max-snippet:-1","max-image-preview":"max-image-preview:large","max-video-preview":"max-video-preview:-1"},"canonical":"https:\/\/praguefearhouse.com\/en\/pribeh-fear-house\/","og_locale":"en_GB","og_type":"article","og_title":"P\u0159\u00edb\u011bh Fear House - Prague Fear House","og_url":"https:\/\/praguefearhouse.com\/en\/pribeh-fear-house\/","og_site_name":"Prague Fear House","article_modified_time":"2021-11-08T09:59:00+00:00","twitter_card":"summary_large_image","twitter_misc":{"Estimated reading time":"10 minutes"},"schema":{"@context":"https:\/\/schema.org","@graph":[{"@type":"WebPage","@id":"https:\/\/praguefearhouse.com\/pribeh-fear-house\/","url":"https:\/\/praguefearhouse.com\/pribeh-fear-house\/","name":"P\u0159\u00edb\u011bh Fear House - Prague Fear House","isPartOf":{"@id":"https:\/\/praguefearhouse.com\/#website"},"datePublished":"2021-10-24T13:57:45+00:00","dateModified":"2021-11-08T09:59:00+00:00","breadcrumb":{"@id":"https:\/\/praguefearhouse.com\/pribeh-fear-house\/#breadcrumb"},"inLanguage":"en-GB","potentialAction":[{"@type":"ReadAction","target":["https:\/\/praguefearhouse.com\/pribeh-fear-house\/"]}]},{"@type":"BreadcrumbList","@id":"https:\/\/praguefearhouse.com\/pribeh-fear-house\/#breadcrumb","itemListElement":[{"@type":"ListItem","position":1,"name":"Dom\u016f","item":"https:\/\/praguefearhouse.com\/"},{"@type":"ListItem","position":2,"name":"P\u0159\u00edb\u011bh Fear House"}]},{"@type":"WebSite","@id":"https:\/\/praguefearhouse.com\/#website","url":"https:\/\/praguefearhouse.com\/","name":"Prague Fear House","description":"Nic pro slab\u00e1 srdce","publisher":{"@id":"https:\/\/praguefearhouse.com\/#organization"},"potentialAction":[{"@type":"SearchAction","target":{"@type":"EntryPoint","urlTemplate":"https:\/\/praguefearhouse.com\/?s={search_term_string}"},"query-input":{"@type":"PropertyValueSpecification","valueRequired":true,"valueName":"search_term_string"}}],"inLanguage":"en-GB"},{"@type":"Organization","@id":"https:\/\/praguefearhouse.com\/#organization","name":"Prague Fear House s.r.o.","url":"https:\/\/praguefearhouse.com\/","logo":{"@type":"ImageObject","inLanguage":"en-GB","@id":"https:\/\/praguefearhouse.com\/#\/schema\/logo\/image\/","url":"http:\/\/www.praguefearhouse.com\/wp-content\/uploads\/2021\/10\/cropped-cropped-cropped-20211015-112643-1.png","contentUrl":"http:\/\/www.praguefearhouse.com\/wp-content\/uploads\/2021\/10\/cropped-cropped-cropped-20211015-112643-1.png","width":512,"height":512,"caption":"Prague Fear House s.r.o."},"image":{"@id":"https:\/\/praguefearhouse.com\/#\/schema\/logo\/image\/"}}]}},"_links":{"self":[{"href":"https:\/\/praguefearhouse.com\/en\/wp-json\/wp\/v2\/pages\/1252","targetHints":{"allow":["GET"]}}],"collection":[{"href":"https:\/\/praguefearhouse.com\/en\/wp-json\/wp\/v2\/pages"}],"about":[{"href":"https:\/\/praguefearhouse.com\/en\/wp-json\/wp\/v2\/types\/page"}],"author":[{"embeddable":true,"href":"https:\/\/praguefearhouse.com\/en\/wp-json\/wp\/v2\/users\/3"}],"replies":[{"embeddable":true,"href":"https:\/\/praguefearhouse.com\/en\/wp-json\/wp\/v2\/comments?post=1252"}],"version-history":[{"count":19,"href":"https:\/\/praguefearhouse.com\/en\/wp-json\/wp\/v2\/pages\/1252\/revisions"}],"predecessor-version":[{"id":1803,"href":"https:\/\/praguefearhouse.com\/en\/wp-json\/wp\/v2\/pages\/1252\/revisions\/1803"}],"wp:attachment":[{"href":"https:\/\/praguefearhouse.com\/en\/wp-json\/wp\/v2\/media?parent=1252"}],"curies":[{"name":"wp","href":"https:\/\/api.w.org\/{rel}","templated":true}]}}