{"id":2325,"date":"2023-01-11T21:05:49","date_gmt":"2023-01-11T21:05:49","guid":{"rendered":"https:\/\/praguefearhouse.com\/?page_id=2325"},"modified":"2025-05-30T16:13:58","modified_gmt":"2025-05-30T14:13:58","slug":"oceneni","status":"publish","type":"page","link":"https:\/\/praguefearhouse.com\/en\/oceneni\/","title":{"rendered":"Awards"},"content":{"rendered":"<p>Looking for the best restaurant in your area? We won an award  <\/p>\n\n\n\n<div class=\"wp-block-group is-nowrap is-layout-flex wp-container-core-group-is-layout-ad2f72ca wp-block-group-is-layout-flex\">\n<figure class=\"wp-block-image size-large is-resized\"><a href=\"https:\/\/restaurantguru.com\/\"><img loading=\"lazy\" decoding=\"async\" width=\"724\" height=\"1024\" src=\"https:\/\/praguefearhouse.com\/wp-content\/uploads\/2025\/05\/RestaurantGuru_Certificate1-724x1024.png\" alt=\"\" class=\"wp-image-3138\" style=\"width:564px;height:auto\" srcset=\"https:\/\/praguefearhouse.com\/wp-content\/uploads\/2025\/05\/RestaurantGuru_Certificate1-724x1024.png 724w, https:\/\/praguefearhouse.com\/wp-content\/uploads\/2025\/05\/RestaurantGuru_Certificate1-212x300.png 212w, https:\/\/praguefearhouse.com\/wp-content\/uploads\/2025\/05\/RestaurantGuru_Certificate1-768x1086.png 768w, https:\/\/praguefearhouse.com\/wp-content\/uploads\/2025\/05\/RestaurantGuru_Certificate1-1086x1536.png 1086w, https:\/\/praguefearhouse.com\/wp-content\/uploads\/2025\/05\/RestaurantGuru_Certificate1-1448x2048.png 1448w, https:\/\/praguefearhouse.com\/wp-content\/uploads\/2025\/05\/RestaurantGuru_Certificate1-8x12.png 8w, https:\/\/praguefearhouse.com\/wp-content\/uploads\/2025\/05\/RestaurantGuru_Certificate1-600x849.png 600w, https:\/\/praguefearhouse.com\/wp-content\/uploads\/2025\/05\/RestaurantGuru_Certificate1-scaled.png 1810w\" sizes=\"auto, (max-width: 724px) 100vw, 724px\" \/><\/a><\/figure>\n\n\n\n<figure class=\"wp-block-image size-full is-resized\"><img loading=\"lazy\" decoding=\"async\" width=\"562\" height=\"850\" src=\"https:\/\/praguefearhouse.com\/wp-content\/uploads\/2025\/05\/recommended_2023.jpg\" alt=\"\" class=\"wp-image-3139\" style=\"width:529px;height:auto\" srcset=\"https:\/\/praguefearhouse.com\/wp-content\/uploads\/2025\/05\/recommended_2023.jpg 562w, https:\/\/praguefearhouse.com\/wp-content\/uploads\/2025\/05\/recommended_2023-198x300.jpg 198w, https:\/\/praguefearhouse.com\/wp-content\/uploads\/2025\/05\/recommended_2023-8x12.jpg 8w\" sizes=\"auto, (max-width: 562px) 100vw, 562px\" \/><\/figure>\n<\/div>\n\n\n\n<figure class=\"wp-block-gallery has-nested-images columns-default is-cropped wp-block-gallery-1 is-layout-flex wp-block-gallery-is-layout-flex\"><\/figure>","protected":false},"excerpt":{"rendered":"<p>Looking for the best restaurant in your area? We won an award<\/p>","protected":false},"author":12,"featured_media":0,"parent":0,"menu_order":0,"comment_status":"closed","ping_status":"closed","template":"","meta":{"footnotes":"","_links_to":"","_links_to_target":""},"class_list":["post-2325","page","type-page","status-publish","hentry"],"yoast_head":"<!-- This site is optimized with the Yoast SEO plugin v26.2 - https:\/\/yoast.com\/wordpress\/plugins\/seo\/ -->\n<title>Ocen\u011bn\u00ed - Prague Fear House<\/title>\n<meta name=\"robots\" content=\"index, follow, max-snippet:-1, max-image-preview:large, max-video-preview:-1\" \/>\n<link rel=\"canonical\" href=\"https:\/\/praguefearhouse.com\/en\/oceneni\/\" \/>\n<meta property=\"og:locale\" content=\"en_GB\" \/>\n<meta property=\"og:type\" content=\"article\" \/>\n<meta property=\"og:title\" content=\"Ocen\u011bn\u00ed - Prague Fear House\" \/>\n<meta property=\"og:description\" content=\"Hled\u00e1te nejlep\u0161\u00ed restauraci ve sv\u00e9m okol\u00ed? Z\u00edskali jsme ocen\u011bn\u00ed\" \/>\n<meta property=\"og:url\" content=\"https:\/\/praguefearhouse.com\/en\/oceneni\/\" \/>\n<meta property=\"og:site_name\" content=\"Prague Fear House\" \/>\n<meta property=\"article:modified_time\" content=\"2025-05-30T14:13:58+00:00\" \/>\n<meta property=\"og:image\" content=\"https:\/\/praguefearhouse.com\/wp-content\/uploads\/2025\/05\/RestaurantGuru_Certificate1-scaled.png\" \/>\n\t<meta property=\"og:image:width\" content=\"1810\" \/>\n\t<meta property=\"og:image:height\" content=\"2560\" \/>\n\t<meta property=\"og:image:type\" content=\"image\/png\" \/>\n<meta name=\"twitter:card\" content=\"summary_large_image\" \/>\n<meta name=\"twitter:label1\" content=\"Estimated reading time\" \/>\n\t<meta name=\"twitter:data1\" content=\"1 minute\" \/>\n<script type=\"application\/ld+json\" class=\"yoast-schema-graph\">{\"@context\":\"https:\/\/schema.org\",\"@graph\":[{\"@type\":\"WebPage\",\"@id\":\"https:\/\/praguefearhouse.com\/oceneni\/\",\"url\":\"https:\/\/praguefearhouse.com\/oceneni\/\",\"name\":\"Ocen\u011bn\u00ed - Prague Fear House\",\"isPartOf\":{\"@id\":\"https:\/\/praguefearhouse.com\/#website\"},\"primaryImageOfPage\":{\"@id\":\"https:\/\/praguefearhouse.com\/oceneni\/#primaryimage\"},\"image\":{\"@id\":\"https:\/\/praguefearhouse.com\/oceneni\/#primaryimage\"},\"thumbnailUrl\":\"https:\/\/praguefearhouse.com\/wp-content\/uploads\/2025\/05\/RestaurantGuru_Certificate1-724x1024.png\",\"datePublished\":\"2023-01-11T21:05:49+00:00\",\"dateModified\":\"2025-05-30T14:13:58+00:00\",\"breadcrumb\":{\"@id\":\"https:\/\/praguefearhouse.com\/oceneni\/#breadcrumb\"},\"inLanguage\":\"en-GB\",\"potentialAction\":[{\"@type\":\"ReadAction\",\"target\":[\"https:\/\/praguefearhouse.com\/oceneni\/\"]}]},{\"@type\":\"ImageObject\",\"inLanguage\":\"en-GB\",\"@id\":\"https:\/\/praguefearhouse.com\/oceneni\/#primaryimage\",\"url\":\"https:\/\/praguefearhouse.com\/wp-content\/uploads\/2025\/05\/RestaurantGuru_Certificate1-724x1024.png\",\"contentUrl\":\"https:\/\/praguefearhouse.com\/wp-content\/uploads\/2025\/05\/RestaurantGuru_Certificate1-724x1024.png\"},{\"@type\":\"BreadcrumbList\",\"@id\":\"https:\/\/praguefearhouse.com\/oceneni\/#breadcrumb\",\"itemListElement\":[{\"@type\":\"ListItem\",\"position\":1,\"name\":\"Dom\u016f\",\"item\":\"https:\/\/praguefearhouse.com\/\"},{\"@type\":\"ListItem\",\"position\":2,\"name\":\"Ocen\u011bn\u00ed\"}]},{\"@type\":\"WebSite\",\"@id\":\"https:\/\/praguefearhouse.com\/#website\",\"url\":\"https:\/\/praguefearhouse.com\/\",\"name\":\"Prague Fear House\",\"description\":\"Nic pro slab\u00e1 srdce\",\"publisher\":{\"@id\":\"https:\/\/praguefearhouse.com\/#organization\"},\"potentialAction\":[{\"@type\":\"SearchAction\",\"target\":{\"@type\":\"EntryPoint\",\"urlTemplate\":\"https:\/\/praguefearhouse.com\/?s={search_term_string}\"},\"query-input\":{\"@type\":\"PropertyValueSpecification\",\"valueRequired\":true,\"valueName\":\"search_term_string\"}}],\"inLanguage\":\"en-GB\"},{\"@type\":\"Organization\",\"@id\":\"https:\/\/praguefearhouse.com\/#organization\",\"name\":\"Prague Fear House s.r.o.\",\"url\":\"https:\/\/praguefearhouse.com\/\",\"logo\":{\"@type\":\"ImageObject\",\"inLanguage\":\"en-GB\",\"@id\":\"https:\/\/praguefearhouse.com\/#\/schema\/logo\/image\/\",\"url\":\"http:\/\/www.praguefearhouse.com\/wp-content\/uploads\/2021\/10\/cropped-cropped-cropped-20211015-112643-1.png\",\"contentUrl\":\"http:\/\/www.praguefearhouse.com\/wp-content\/uploads\/2021\/10\/cropped-cropped-cropped-20211015-112643-1.png\",\"width\":512,\"height\":512,\"caption\":\"Prague Fear House s.r.o.\"},\"image\":{\"@id\":\"https:\/\/praguefearhouse.com\/#\/schema\/logo\/image\/\"}}]}<\/script>\n<!-- \/ Yoast SEO plugin. -->","yoast_head_json":{"title":"Ocen\u011bn\u00ed - Prague Fear House","robots":{"index":"index","follow":"follow","max-snippet":"max-snippet:-1","max-image-preview":"max-image-preview:large","max-video-preview":"max-video-preview:-1"},"canonical":"https:\/\/praguefearhouse.com\/en\/oceneni\/","og_locale":"en_GB","og_type":"article","og_title":"Ocen\u011bn\u00ed - Prague Fear House","og_description":"Hled\u00e1te nejlep\u0161\u00ed restauraci ve sv\u00e9m okol\u00ed? Z\u00edskali jsme ocen\u011bn\u00ed","og_url":"https:\/\/praguefearhouse.com\/en\/oceneni\/","og_site_name":"Prague Fear House","article_modified_time":"2025-05-30T14:13:58+00:00","og_image":[{"width":1810,"height":2560,"url":"https:\/\/praguefearhouse.com\/wp-content\/uploads\/2025\/05\/RestaurantGuru_Certificate1-scaled.png","type":"image\/png"}],"twitter_card":"summary_large_image","twitter_misc":{"Estimated reading time":"1 minute"},"schema":{"@context":"https:\/\/schema.org","@graph":[{"@type":"WebPage","@id":"https:\/\/praguefearhouse.com\/oceneni\/","url":"https:\/\/praguefearhouse.com\/oceneni\/","name":"Ocen\u011bn\u00ed - Prague Fear House","isPartOf":{"@id":"https:\/\/praguefearhouse.com\/#website"},"primaryImageOfPage":{"@id":"https:\/\/praguefearhouse.com\/oceneni\/#primaryimage"},"image":{"@id":"https:\/\/praguefearhouse.com\/oceneni\/#primaryimage"},"thumbnailUrl":"https:\/\/praguefearhouse.com\/wp-content\/uploads\/2025\/05\/RestaurantGuru_Certificate1-724x1024.png","datePublished":"2023-01-11T21:05:49+00:00","dateModified":"2025-05-30T14:13:58+00:00","breadcrumb":{"@id":"https:\/\/praguefearhouse.com\/oceneni\/#breadcrumb"},"inLanguage":"en-GB","potentialAction":[{"@type":"ReadAction","target":["https:\/\/praguefearhouse.com\/oceneni\/"]}]},{"@type":"ImageObject","inLanguage":"en-GB","@id":"https:\/\/praguefearhouse.com\/oceneni\/#primaryimage","url":"https:\/\/praguefearhouse.com\/wp-content\/uploads\/2025\/05\/RestaurantGuru_Certificate1-724x1024.png","contentUrl":"https:\/\/praguefearhouse.com\/wp-content\/uploads\/2025\/05\/RestaurantGuru_Certificate1-724x1024.png"},{"@type":"BreadcrumbList","@id":"https:\/\/praguefearhouse.com\/oceneni\/#breadcrumb","itemListElement":[{"@type":"ListItem","position":1,"name":"Dom\u016f","item":"https:\/\/praguefearhouse.com\/"},{"@type":"ListItem","position":2,"name":"Ocen\u011bn\u00ed"}]},{"@type":"WebSite","@id":"https:\/\/praguefearhouse.com\/#website","url":"https:\/\/praguefearhouse.com\/","name":"Prague Fear House","description":"Nic pro slab\u00e1 srdce","publisher":{"@id":"https:\/\/praguefearhouse.com\/#organization"},"potentialAction":[{"@type":"SearchAction","target":{"@type":"EntryPoint","urlTemplate":"https:\/\/praguefearhouse.com\/?s={search_term_string}"},"query-input":{"@type":"PropertyValueSpecification","valueRequired":true,"valueName":"search_term_string"}}],"inLanguage":"en-GB"},{"@type":"Organization","@id":"https:\/\/praguefearhouse.com\/#organization","name":"Prague Fear House s.r.o.","url":"https:\/\/praguefearhouse.com\/","logo":{"@type":"ImageObject","inLanguage":"en-GB","@id":"https:\/\/praguefearhouse.com\/#\/schema\/logo\/image\/","url":"http:\/\/www.praguefearhouse.com\/wp-content\/uploads\/2021\/10\/cropped-cropped-cropped-20211015-112643-1.png","contentUrl":"http:\/\/www.praguefearhouse.com\/wp-content\/uploads\/2021\/10\/cropped-cropped-cropped-20211015-112643-1.png","width":512,"height":512,"caption":"Prague Fear House s.r.o."},"image":{"@id":"https:\/\/praguefearhouse.com\/#\/schema\/logo\/image\/"}}]}},"_links":{"self":[{"href":"https:\/\/praguefearhouse.com\/en\/wp-json\/wp\/v2\/pages\/2325","targetHints":{"allow":["GET"]}}],"collection":[{"href":"https:\/\/praguefearhouse.com\/en\/wp-json\/wp\/v2\/pages"}],"about":[{"href":"https:\/\/praguefearhouse.com\/en\/wp-json\/wp\/v2\/types\/page"}],"author":[{"embeddable":true,"href":"https:\/\/praguefearhouse.com\/en\/wp-json\/wp\/v2\/users\/12"}],"replies":[{"embeddable":true,"href":"https:\/\/praguefearhouse.com\/en\/wp-json\/wp\/v2\/comments?post=2325"}],"version-history":[{"count":6,"href":"https:\/\/praguefearhouse.com\/en\/wp-json\/wp\/v2\/pages\/2325\/revisions"}],"predecessor-version":[{"id":3143,"href":"https:\/\/praguefearhouse.com\/en\/wp-json\/wp\/v2\/pages\/2325\/revisions\/3143"}],"wp:attachment":[{"href":"https:\/\/praguefearhouse.com\/en\/wp-json\/wp\/v2\/media?parent=2325"}],"curies":[{"name":"wp","href":"https:\/\/api.w.org\/{rel}","templated":true}]}}