{"id":3400,"date":"2026-02-25T13:16:18","date_gmt":"2026-02-25T12:16:18","guid":{"rendered":"https:\/\/praguefearhouse.com\/?post_type=product&#038;p=3400"},"modified":"2026-04-25T20:15:53","modified_gmt":"2026-04-25T18:15:53","slug":"regular","status":"publish","type":"product","link":"https:\/\/praguefearhouse.com\/en\/product\/regular\/","title":{"rendered":"Regular"},"content":{"rendered":"<p>Nab\u00edz\u00edme nev\u0161edn\u00ed z\u00e1\u017eitek: Uvad\u011b\u010d v\u00e1s zavede do prvn\u00ed m\u00edstnosti a prozrad\u00ed heslo po jeho\u017e vysloven\u00ed pro v\u00e1s prohl\u00eddka kon\u010d\u00ed. Odtud pokra\u010dujete v prohl\u00eddce katakomb . Za\u017eijete strach, jako byste se ocitli uprost\u0159ed hororov\u00e9ho filmu.<\/p>\n<p>P\u0159\u00edstupn\u00e1 od 15 let. Osoby mlad\u0161\u00ed pouze s doprovodem dosp\u011bl\u00e9 osoby . Maxim\u00e1ln\u00ed po\u010det osob na jednu prohl\u00eddku je 5 a trv\u00e1 p\u0159ibli\u017en\u011b 15 min<\/p>","protected":false},"excerpt":{"rendered":"<p>Nab\u00edz\u00edme nev\u0161edn\u00ed z\u00e1\u017eitek : Za\u017eijete strach, jako byste se ocitli uprost\u0159ed hororov\u00e9ho filmu.<\/p>","protected":false},"featured_media":2924,"comment_status":"open","ping_status":"closed","template":"","meta":{"_links_to":"","_links_to_target":""},"product_brand":[],"product_cat":[40],"product_tag":[],"class_list":{"0":"post-3400","1":"product","2":"type-product","3":"status-publish","4":"has-post-thumbnail","6":"product_cat-prague-fear-house","8":"first","9":"instock","10":"downloadable","11":"shipping-taxable","12":"purchasable","13":"product-type-simple"},"yoast_head":"<!-- This site is optimized with the Yoast SEO plugin v26.2 - https:\/\/yoast.com\/wordpress\/plugins\/seo\/ -->\n<title>Regular - Prague Fear House<\/title>\n<meta name=\"description\" content=\"Nab\u00edz\u00edme nev\u0161edn\u00ed z\u00e1\u017eitek : Za\u017eijete strach, jako byste se ocitli uprost\u0159ed hororov\u00e9ho filmu.\" \/>\n<meta name=\"robots\" content=\"index, follow, max-snippet:-1, max-image-preview:large, max-video-preview:-1\" \/>\n<link rel=\"canonical\" href=\"https:\/\/praguefearhouse.com\/en\/product\/regular\/\" \/>\n<meta property=\"og:locale\" content=\"en_GB\" \/>\n<meta property=\"og:type\" content=\"article\" \/>\n<meta property=\"og:title\" content=\"Regular - Prague Fear House\" \/>\n<meta property=\"og:description\" content=\"Nab\u00edz\u00edme nev\u0161edn\u00ed z\u00e1\u017eitek : Za\u017eijete strach, jako byste se ocitli uprost\u0159ed hororov\u00e9ho filmu.\" \/>\n<meta property=\"og:url\" content=\"https:\/\/praguefearhouse.com\/en\/product\/regular\/\" \/>\n<meta property=\"og:site_name\" content=\"Prague Fear House\" \/>\n<meta property=\"article:modified_time\" content=\"2026-04-25T18:15:53+00:00\" \/>\n<meta property=\"og:image\" content=\"https:\/\/praguefearhouse.com\/wp-content\/uploads\/2024\/10\/fear-house-Bar-_20-1024x683.jpg\" \/>\n\t<meta property=\"og:image:width\" content=\"1024\" \/>\n\t<meta property=\"og:image:height\" content=\"683\" \/>\n\t<meta property=\"og:image:type\" content=\"image\/jpeg\" \/>\n<meta name=\"twitter:card\" content=\"summary_large_image\" \/>\n<meta name=\"twitter:label1\" content=\"Estimated reading time\" \/>\n\t<meta name=\"twitter:data1\" content=\"1 minute\" \/>\n<script type=\"application\/ld+json\" class=\"yoast-schema-graph\">{\"@context\":\"https:\/\/schema.org\",\"@graph\":[{\"@type\":\"WebPage\",\"@id\":\"https:\/\/praguefearhouse.com\/product\/regular\/\",\"url\":\"https:\/\/praguefearhouse.com\/product\/regular\/\",\"name\":\"Regular - Prague Fear House\",\"isPartOf\":{\"@id\":\"https:\/\/praguefearhouse.com\/#website\"},\"primaryImageOfPage\":{\"@id\":\"https:\/\/praguefearhouse.com\/product\/regular\/#primaryimage\"},\"image\":{\"@id\":\"https:\/\/praguefearhouse.com\/product\/regular\/#primaryimage\"},\"thumbnailUrl\":\"https:\/\/praguefearhouse.com\/wp-content\/uploads\/2024\/10\/fear-house-Bar-_20.jpg\",\"datePublished\":\"2026-02-25T12:16:18+00:00\",\"dateModified\":\"2026-04-25T18:15:53+00:00\",\"description\":\"Nab\u00edz\u00edme nev\u0161edn\u00ed z\u00e1\u017eitek : Za\u017eijete strach, jako byste se ocitli uprost\u0159ed hororov\u00e9ho filmu.\",\"breadcrumb\":{\"@id\":\"https:\/\/praguefearhouse.com\/product\/regular\/#breadcrumb\"},\"inLanguage\":\"en-GB\",\"potentialAction\":[{\"@type\":\"ReadAction\",\"target\":[\"https:\/\/praguefearhouse.com\/product\/regular\/\"]}]},{\"@type\":\"ImageObject\",\"inLanguage\":\"en-GB\",\"@id\":\"https:\/\/praguefearhouse.com\/product\/regular\/#primaryimage\",\"url\":\"https:\/\/praguefearhouse.com\/wp-content\/uploads\/2024\/10\/fear-house-Bar-_20.jpg\",\"contentUrl\":\"https:\/\/praguefearhouse.com\/wp-content\/uploads\/2024\/10\/fear-house-Bar-_20.jpg\",\"width\":8256,\"height\":5504,\"caption\":\"PHOTO BY DAN BAUDYS\"},{\"@type\":\"BreadcrumbList\",\"@id\":\"https:\/\/praguefearhouse.com\/product\/regular\/#breadcrumb\",\"itemListElement\":[{\"@type\":\"ListItem\",\"position\":1,\"name\":\"Dom\u016f\",\"item\":\"https:\/\/praguefearhouse.com\/\"},{\"@type\":\"ListItem\",\"position\":2,\"name\":\"Vstupenky\",\"item\":\"https:\/\/praguefearhouse.com\/en\/vstupenky\/\"},{\"@type\":\"ListItem\",\"position\":3,\"name\":\"Regular\"}]},{\"@type\":\"WebSite\",\"@id\":\"https:\/\/praguefearhouse.com\/#website\",\"url\":\"https:\/\/praguefearhouse.com\/\",\"name\":\"Prague Fear House\",\"description\":\"Nic pro slab\u00e1 srdce\",\"publisher\":{\"@id\":\"https:\/\/praguefearhouse.com\/#organization\"},\"potentialAction\":[{\"@type\":\"SearchAction\",\"target\":{\"@type\":\"EntryPoint\",\"urlTemplate\":\"https:\/\/praguefearhouse.com\/?s={search_term_string}\"},\"query-input\":{\"@type\":\"PropertyValueSpecification\",\"valueRequired\":true,\"valueName\":\"search_term_string\"}}],\"inLanguage\":\"en-GB\"},{\"@type\":\"Organization\",\"@id\":\"https:\/\/praguefearhouse.com\/#organization\",\"name\":\"Prague Fear House s.r.o.\",\"url\":\"https:\/\/praguefearhouse.com\/\",\"logo\":{\"@type\":\"ImageObject\",\"inLanguage\":\"en-GB\",\"@id\":\"https:\/\/praguefearhouse.com\/#\/schema\/logo\/image\/\",\"url\":\"http:\/\/www.praguefearhouse.com\/wp-content\/uploads\/2021\/10\/cropped-cropped-cropped-20211015-112643-1.png\",\"contentUrl\":\"http:\/\/www.praguefearhouse.com\/wp-content\/uploads\/2021\/10\/cropped-cropped-cropped-20211015-112643-1.png\",\"width\":512,\"height\":512,\"caption\":\"Prague Fear House s.r.o.\"},\"image\":{\"@id\":\"https:\/\/praguefearhouse.com\/#\/schema\/logo\/image\/\"}}]}<\/script>\n<!-- \/ Yoast SEO plugin. -->","yoast_head_json":{"title":"Regular - Prague Fear House","description":"Nab\u00edz\u00edme nev\u0161edn\u00ed z\u00e1\u017eitek : Za\u017eijete strach, jako byste se ocitli uprost\u0159ed hororov\u00e9ho filmu.","robots":{"index":"index","follow":"follow","max-snippet":"max-snippet:-1","max-image-preview":"max-image-preview:large","max-video-preview":"max-video-preview:-1"},"canonical":"https:\/\/praguefearhouse.com\/en\/product\/regular\/","og_locale":"en_GB","og_type":"article","og_title":"Regular - Prague Fear House","og_description":"Nab\u00edz\u00edme nev\u0161edn\u00ed z\u00e1\u017eitek : Za\u017eijete strach, jako byste se ocitli uprost\u0159ed hororov\u00e9ho filmu.","og_url":"https:\/\/praguefearhouse.com\/en\/product\/regular\/","og_site_name":"Prague Fear House","article_modified_time":"2026-04-25T18:15:53+00:00","og_image":[{"width":1024,"height":683,"url":"https:\/\/praguefearhouse.com\/wp-content\/uploads\/2024\/10\/fear-house-Bar-_20-1024x683.jpg","type":"image\/jpeg"}],"twitter_card":"summary_large_image","twitter_misc":{"Estimated reading time":"1 minute"},"schema":{"@context":"https:\/\/schema.org","@graph":[{"@type":"WebPage","@id":"https:\/\/praguefearhouse.com\/product\/regular\/","url":"https:\/\/praguefearhouse.com\/product\/regular\/","name":"Regular - Prague Fear House","isPartOf":{"@id":"https:\/\/praguefearhouse.com\/#website"},"primaryImageOfPage":{"@id":"https:\/\/praguefearhouse.com\/product\/regular\/#primaryimage"},"image":{"@id":"https:\/\/praguefearhouse.com\/product\/regular\/#primaryimage"},"thumbnailUrl":"https:\/\/praguefearhouse.com\/wp-content\/uploads\/2024\/10\/fear-house-Bar-_20.jpg","datePublished":"2026-02-25T12:16:18+00:00","dateModified":"2026-04-25T18:15:53+00:00","description":"Nab\u00edz\u00edme nev\u0161edn\u00ed z\u00e1\u017eitek : Za\u017eijete strach, jako byste se ocitli uprost\u0159ed hororov\u00e9ho filmu.","breadcrumb":{"@id":"https:\/\/praguefearhouse.com\/product\/regular\/#breadcrumb"},"inLanguage":"en-GB","potentialAction":[{"@type":"ReadAction","target":["https:\/\/praguefearhouse.com\/product\/regular\/"]}]},{"@type":"ImageObject","inLanguage":"en-GB","@id":"https:\/\/praguefearhouse.com\/product\/regular\/#primaryimage","url":"https:\/\/praguefearhouse.com\/wp-content\/uploads\/2024\/10\/fear-house-Bar-_20.jpg","contentUrl":"https:\/\/praguefearhouse.com\/wp-content\/uploads\/2024\/10\/fear-house-Bar-_20.jpg","width":8256,"height":5504,"caption":"PHOTO BY DAN BAUDYS"},{"@type":"BreadcrumbList","@id":"https:\/\/praguefearhouse.com\/product\/regular\/#breadcrumb","itemListElement":[{"@type":"ListItem","position":1,"name":"Dom\u016f","item":"https:\/\/praguefearhouse.com\/"},{"@type":"ListItem","position":2,"name":"Vstupenky","item":"https:\/\/praguefearhouse.com\/en\/vstupenky\/"},{"@type":"ListItem","position":3,"name":"Regular"}]},{"@type":"WebSite","@id":"https:\/\/praguefearhouse.com\/#website","url":"https:\/\/praguefearhouse.com\/","name":"Prague Fear House","description":"Nic pro slab\u00e1 srdce","publisher":{"@id":"https:\/\/praguefearhouse.com\/#organization"},"potentialAction":[{"@type":"SearchAction","target":{"@type":"EntryPoint","urlTemplate":"https:\/\/praguefearhouse.com\/?s={search_term_string}"},"query-input":{"@type":"PropertyValueSpecification","valueRequired":true,"valueName":"search_term_string"}}],"inLanguage":"en-GB"},{"@type":"Organization","@id":"https:\/\/praguefearhouse.com\/#organization","name":"Prague Fear House s.r.o.","url":"https:\/\/praguefearhouse.com\/","logo":{"@type":"ImageObject","inLanguage":"en-GB","@id":"https:\/\/praguefearhouse.com\/#\/schema\/logo\/image\/","url":"http:\/\/www.praguefearhouse.com\/wp-content\/uploads\/2021\/10\/cropped-cropped-cropped-20211015-112643-1.png","contentUrl":"http:\/\/www.praguefearhouse.com\/wp-content\/uploads\/2021\/10\/cropped-cropped-cropped-20211015-112643-1.png","width":512,"height":512,"caption":"Prague Fear House s.r.o."},"image":{"@id":"https:\/\/praguefearhouse.com\/#\/schema\/logo\/image\/"}}]}},"_links":{"self":[{"href":"https:\/\/praguefearhouse.com\/en\/wp-json\/wp\/v2\/product\/3400","targetHints":{"allow":["GET"]}}],"collection":[{"href":"https:\/\/praguefearhouse.com\/en\/wp-json\/wp\/v2\/product"}],"about":[{"href":"https:\/\/praguefearhouse.com\/en\/wp-json\/wp\/v2\/types\/product"}],"replies":[{"embeddable":true,"href":"https:\/\/praguefearhouse.com\/en\/wp-json\/wp\/v2\/comments?post=3400"}],"wp:featuredmedia":[{"embeddable":true,"href":"https:\/\/praguefearhouse.com\/en\/wp-json\/wp\/v2\/media\/2924"}],"wp:attachment":[{"href":"https:\/\/praguefearhouse.com\/en\/wp-json\/wp\/v2\/media?parent=3400"}],"wp:term":[{"taxonomy":"product_brand","embeddable":true,"href":"https:\/\/praguefearhouse.com\/en\/wp-json\/wp\/v2\/product_brand?post=3400"},{"taxonomy":"product_cat","embeddable":true,"href":"https:\/\/praguefearhouse.com\/en\/wp-json\/wp\/v2\/product_cat?post=3400"},{"taxonomy":"product_tag","embeddable":true,"href":"https:\/\/praguefearhouse.com\/en\/wp-json\/wp\/v2\/product_tag?post=3400"}],"curies":[{"name":"wp","href":"https:\/\/api.w.org\/{rel}","templated":true}]}}