{"id":860,"date":"2021-10-17T08:43:57","date_gmt":"2021-10-17T08:43:57","guid":{"rendered":"http:\/\/www.praguefearhouse.com\/?post_type=product&#038;p=860"},"modified":"2025-12-10T18:12:45","modified_gmt":"2025-12-10T17:12:45","slug":"unos","status":"publish","type":"product","link":"https:\/\/praguefearhouse.com\/en\/product\/unos\/","title":{"rendered":"Kidnapping"},"content":{"rendered":"<p>Je to velmi obl\u00edben\u00fd d\u00e1rek pro va\u0161e p\u0159\u00e1tele. Prob\u00edh\u00e1 stejn\u011b jako klasick\u00fd Hard core s t\u00edm rozd\u00edlem, \u017ee klient v\u016fbec netu\u0161\u00ed co ho \u010dek\u00e1. Uneseme va\u0161eho kamar\u00e1da z p\u0159edem domluven\u00e9ho m\u00edsta ( nej\u010dast\u011bji je to bar, nebo pivnice). V\u0161e prob\u00edh\u00e1 tak, \u017ee na\u0161i herci vb\u011bhnou dovnit\u0159, nasad\u00ed doty\u010dn\u00e9mu na hlavu \u010dern\u00fd pytel a odt\u00e1hnou p\u0159\u00edmo do podzem\u00ed. Ostatn\u00ed na n\u011bj \u010dekaj\u00ed u n\u00e1s na baru.<\/p>\n<p>P\u0159\u00edstupn\u00e1 od 18 let.<\/p>\n<p>Nen\u00ed vhodn\u00e1 pro kardiaky, t\u011bhotn\u00e9, lidi slab\u0161\u00ed psychiky a epileptiky.<\/p>","protected":false},"excerpt":{"rendered":"<p>A very popular gift for your friends.<\/p>","protected":false},"featured_media":2588,"comment_status":"open","ping_status":"closed","template":"","meta":{"_links_to":"","_links_to_target":""},"product_brand":[],"product_cat":[40],"product_tag":[],"class_list":{"0":"post-860","1":"product","2":"type-product","3":"status-publish","4":"has-post-thumbnail","6":"product_cat-prague-fear-house","8":"first","9":"instock","10":"downloadable","11":"shipping-taxable","12":"purchasable","13":"product-type-simple"},"yoast_head":"<!-- This site is optimized with the Yoast SEO plugin v26.2 - https:\/\/yoast.com\/wordpress\/plugins\/seo\/ -->\n<title>\u00danos - Prague Fear House<\/title>\n<meta name=\"description\" content=\"P\u0159\u00edstupn\u00e1 od 18 let. Prob\u00edh\u00e1 stejn\u011b jako klasick\u00fd Hardcore s rozd\u00edlem, \u017ee klient v\u016fbec netu\u0161\u00ed co ho \u010dek\u00e1. Obl\u00edben\u00fd d\u00e1rek pro va\u0161e p\u0159\u00e1tele.\" \/>\n<meta name=\"robots\" content=\"index, follow, max-snippet:-1, max-image-preview:large, max-video-preview:-1\" \/>\n<link rel=\"canonical\" href=\"https:\/\/praguefearhouse.com\/en\/product\/unos\/\" \/>\n<meta property=\"og:locale\" content=\"en_GB\" \/>\n<meta property=\"og:type\" content=\"article\" \/>\n<meta property=\"og:title\" content=\"\u00danos - Prague Fear House\" \/>\n<meta property=\"og:description\" content=\"P\u0159\u00edstupn\u00e1 od 18 let. Prob\u00edh\u00e1 stejn\u011b jako klasick\u00fd Hardcore s rozd\u00edlem, \u017ee klient v\u016fbec netu\u0161\u00ed co ho \u010dek\u00e1. Obl\u00edben\u00fd d\u00e1rek pro va\u0161e p\u0159\u00e1tele.\" \/>\n<meta property=\"og:url\" content=\"https:\/\/praguefearhouse.com\/en\/product\/unos\/\" \/>\n<meta property=\"og:site_name\" content=\"Prague Fear House\" \/>\n<meta property=\"article:modified_time\" content=\"2025-12-10T17:12:45+00:00\" \/>\n<meta property=\"og:image\" content=\"https:\/\/praguefearhouse.com\/wp-content\/uploads\/2021\/10\/Unos_2023.jpg\" \/>\n\t<meta property=\"og:image:width\" content=\"5504\" \/>\n\t<meta property=\"og:image:height\" content=\"8256\" \/>\n\t<meta property=\"og:image:type\" content=\"image\/jpeg\" \/>\n<meta name=\"twitter:card\" content=\"summary_large_image\" \/>\n<meta name=\"twitter:label1\" content=\"Estimated reading time\" \/>\n\t<meta name=\"twitter:data1\" content=\"1 minute\" \/>\n<script type=\"application\/ld+json\" class=\"yoast-schema-graph\">{\"@context\":\"https:\/\/schema.org\",\"@graph\":[{\"@type\":\"WebPage\",\"@id\":\"https:\/\/praguefearhouse.com\/product\/unos\/\",\"url\":\"https:\/\/praguefearhouse.com\/product\/unos\/\",\"name\":\"\u00danos - Prague Fear House\",\"isPartOf\":{\"@id\":\"https:\/\/praguefearhouse.com\/#website\"},\"primaryImageOfPage\":{\"@id\":\"https:\/\/praguefearhouse.com\/product\/unos\/#primaryimage\"},\"image\":{\"@id\":\"https:\/\/praguefearhouse.com\/product\/unos\/#primaryimage\"},\"thumbnailUrl\":\"https:\/\/praguefearhouse.com\/wp-content\/uploads\/2021\/10\/Unos_2023.jpg\",\"datePublished\":\"2021-10-17T08:43:57+00:00\",\"dateModified\":\"2025-12-10T17:12:45+00:00\",\"description\":\"P\u0159\u00edstupn\u00e1 od 18 let. Prob\u00edh\u00e1 stejn\u011b jako klasick\u00fd Hardcore s rozd\u00edlem, \u017ee klient v\u016fbec netu\u0161\u00ed co ho \u010dek\u00e1. Obl\u00edben\u00fd d\u00e1rek pro va\u0161e p\u0159\u00e1tele.\",\"breadcrumb\":{\"@id\":\"https:\/\/praguefearhouse.com\/product\/unos\/#breadcrumb\"},\"inLanguage\":\"en-GB\",\"potentialAction\":[{\"@type\":\"ReadAction\",\"target\":[\"https:\/\/praguefearhouse.com\/product\/unos\/\"]}]},{\"@type\":\"ImageObject\",\"inLanguage\":\"en-GB\",\"@id\":\"https:\/\/praguefearhouse.com\/product\/unos\/#primaryimage\",\"url\":\"https:\/\/praguefearhouse.com\/wp-content\/uploads\/2021\/10\/Unos_2023.jpg\",\"contentUrl\":\"https:\/\/praguefearhouse.com\/wp-content\/uploads\/2021\/10\/Unos_2023.jpg\",\"width\":5504,\"height\":8256},{\"@type\":\"BreadcrumbList\",\"@id\":\"https:\/\/praguefearhouse.com\/product\/unos\/#breadcrumb\",\"itemListElement\":[{\"@type\":\"ListItem\",\"position\":1,\"name\":\"Dom\u016f\",\"item\":\"https:\/\/praguefearhouse.com\/\"},{\"@type\":\"ListItem\",\"position\":2,\"name\":\"Vstupenky\",\"item\":\"https:\/\/praguefearhouse.com\/en\/vstupenky\/\"},{\"@type\":\"ListItem\",\"position\":3,\"name\":\"\u00danos\"}]},{\"@type\":\"WebSite\",\"@id\":\"https:\/\/praguefearhouse.com\/#website\",\"url\":\"https:\/\/praguefearhouse.com\/\",\"name\":\"Prague Fear House\",\"description\":\"Nic pro slab\u00e1 srdce\",\"publisher\":{\"@id\":\"https:\/\/praguefearhouse.com\/#organization\"},\"potentialAction\":[{\"@type\":\"SearchAction\",\"target\":{\"@type\":\"EntryPoint\",\"urlTemplate\":\"https:\/\/praguefearhouse.com\/?s={search_term_string}\"},\"query-input\":{\"@type\":\"PropertyValueSpecification\",\"valueRequired\":true,\"valueName\":\"search_term_string\"}}],\"inLanguage\":\"en-GB\"},{\"@type\":\"Organization\",\"@id\":\"https:\/\/praguefearhouse.com\/#organization\",\"name\":\"Prague Fear House s.r.o.\",\"url\":\"https:\/\/praguefearhouse.com\/\",\"logo\":{\"@type\":\"ImageObject\",\"inLanguage\":\"en-GB\",\"@id\":\"https:\/\/praguefearhouse.com\/#\/schema\/logo\/image\/\",\"url\":\"http:\/\/www.praguefearhouse.com\/wp-content\/uploads\/2021\/10\/cropped-cropped-cropped-20211015-112643-1.png\",\"contentUrl\":\"http:\/\/www.praguefearhouse.com\/wp-content\/uploads\/2021\/10\/cropped-cropped-cropped-20211015-112643-1.png\",\"width\":512,\"height\":512,\"caption\":\"Prague Fear House s.r.o.\"},\"image\":{\"@id\":\"https:\/\/praguefearhouse.com\/#\/schema\/logo\/image\/\"}}]}<\/script>\n<!-- \/ Yoast SEO plugin. -->","yoast_head_json":{"title":"\u00danos - Prague Fear House","description":"P\u0159\u00edstupn\u00e1 od 18 let. Prob\u00edh\u00e1 stejn\u011b jako klasick\u00fd Hardcore s rozd\u00edlem, \u017ee klient v\u016fbec netu\u0161\u00ed co ho \u010dek\u00e1. Obl\u00edben\u00fd d\u00e1rek pro va\u0161e p\u0159\u00e1tele.","robots":{"index":"index","follow":"follow","max-snippet":"max-snippet:-1","max-image-preview":"max-image-preview:large","max-video-preview":"max-video-preview:-1"},"canonical":"https:\/\/praguefearhouse.com\/en\/product\/unos\/","og_locale":"en_GB","og_type":"article","og_title":"\u00danos - Prague Fear House","og_description":"P\u0159\u00edstupn\u00e1 od 18 let. Prob\u00edh\u00e1 stejn\u011b jako klasick\u00fd Hardcore s rozd\u00edlem, \u017ee klient v\u016fbec netu\u0161\u00ed co ho \u010dek\u00e1. Obl\u00edben\u00fd d\u00e1rek pro va\u0161e p\u0159\u00e1tele.","og_url":"https:\/\/praguefearhouse.com\/en\/product\/unos\/","og_site_name":"Prague Fear House","article_modified_time":"2025-12-10T17:12:45+00:00","og_image":[{"width":5504,"height":8256,"url":"https:\/\/praguefearhouse.com\/wp-content\/uploads\/2021\/10\/Unos_2023.jpg","type":"image\/jpeg"}],"twitter_card":"summary_large_image","twitter_misc":{"Estimated reading time":"1 minute"},"schema":{"@context":"https:\/\/schema.org","@graph":[{"@type":"WebPage","@id":"https:\/\/praguefearhouse.com\/product\/unos\/","url":"https:\/\/praguefearhouse.com\/product\/unos\/","name":"\u00danos - Prague Fear House","isPartOf":{"@id":"https:\/\/praguefearhouse.com\/#website"},"primaryImageOfPage":{"@id":"https:\/\/praguefearhouse.com\/product\/unos\/#primaryimage"},"image":{"@id":"https:\/\/praguefearhouse.com\/product\/unos\/#primaryimage"},"thumbnailUrl":"https:\/\/praguefearhouse.com\/wp-content\/uploads\/2021\/10\/Unos_2023.jpg","datePublished":"2021-10-17T08:43:57+00:00","dateModified":"2025-12-10T17:12:45+00:00","description":"P\u0159\u00edstupn\u00e1 od 18 let. Prob\u00edh\u00e1 stejn\u011b jako klasick\u00fd Hardcore s rozd\u00edlem, \u017ee klient v\u016fbec netu\u0161\u00ed co ho \u010dek\u00e1. Obl\u00edben\u00fd d\u00e1rek pro va\u0161e p\u0159\u00e1tele.","breadcrumb":{"@id":"https:\/\/praguefearhouse.com\/product\/unos\/#breadcrumb"},"inLanguage":"en-GB","potentialAction":[{"@type":"ReadAction","target":["https:\/\/praguefearhouse.com\/product\/unos\/"]}]},{"@type":"ImageObject","inLanguage":"en-GB","@id":"https:\/\/praguefearhouse.com\/product\/unos\/#primaryimage","url":"https:\/\/praguefearhouse.com\/wp-content\/uploads\/2021\/10\/Unos_2023.jpg","contentUrl":"https:\/\/praguefearhouse.com\/wp-content\/uploads\/2021\/10\/Unos_2023.jpg","width":5504,"height":8256},{"@type":"BreadcrumbList","@id":"https:\/\/praguefearhouse.com\/product\/unos\/#breadcrumb","itemListElement":[{"@type":"ListItem","position":1,"name":"Dom\u016f","item":"https:\/\/praguefearhouse.com\/"},{"@type":"ListItem","position":2,"name":"Vstupenky","item":"https:\/\/praguefearhouse.com\/en\/vstupenky\/"},{"@type":"ListItem","position":3,"name":"\u00danos"}]},{"@type":"WebSite","@id":"https:\/\/praguefearhouse.com\/#website","url":"https:\/\/praguefearhouse.com\/","name":"Prague Fear House","description":"Nic pro slab\u00e1 srdce","publisher":{"@id":"https:\/\/praguefearhouse.com\/#organization"},"potentialAction":[{"@type":"SearchAction","target":{"@type":"EntryPoint","urlTemplate":"https:\/\/praguefearhouse.com\/?s={search_term_string}"},"query-input":{"@type":"PropertyValueSpecification","valueRequired":true,"valueName":"search_term_string"}}],"inLanguage":"en-GB"},{"@type":"Organization","@id":"https:\/\/praguefearhouse.com\/#organization","name":"Prague Fear House s.r.o.","url":"https:\/\/praguefearhouse.com\/","logo":{"@type":"ImageObject","inLanguage":"en-GB","@id":"https:\/\/praguefearhouse.com\/#\/schema\/logo\/image\/","url":"http:\/\/www.praguefearhouse.com\/wp-content\/uploads\/2021\/10\/cropped-cropped-cropped-20211015-112643-1.png","contentUrl":"http:\/\/www.praguefearhouse.com\/wp-content\/uploads\/2021\/10\/cropped-cropped-cropped-20211015-112643-1.png","width":512,"height":512,"caption":"Prague Fear House s.r.o."},"image":{"@id":"https:\/\/praguefearhouse.com\/#\/schema\/logo\/image\/"}}]}},"_links":{"self":[{"href":"https:\/\/praguefearhouse.com\/en\/wp-json\/wp\/v2\/product\/860","targetHints":{"allow":["GET"]}}],"collection":[{"href":"https:\/\/praguefearhouse.com\/en\/wp-json\/wp\/v2\/product"}],"about":[{"href":"https:\/\/praguefearhouse.com\/en\/wp-json\/wp\/v2\/types\/product"}],"replies":[{"embeddable":true,"href":"https:\/\/praguefearhouse.com\/en\/wp-json\/wp\/v2\/comments?post=860"}],"wp:featuredmedia":[{"embeddable":true,"href":"https:\/\/praguefearhouse.com\/en\/wp-json\/wp\/v2\/media\/2588"}],"wp:attachment":[{"href":"https:\/\/praguefearhouse.com\/en\/wp-json\/wp\/v2\/media?parent=860"}],"wp:term":[{"taxonomy":"product_brand","embeddable":true,"href":"https:\/\/praguefearhouse.com\/en\/wp-json\/wp\/v2\/product_brand?post=860"},{"taxonomy":"product_cat","embeddable":true,"href":"https:\/\/praguefearhouse.com\/en\/wp-json\/wp\/v2\/product_cat?post=860"},{"taxonomy":"product_tag","embeddable":true,"href":"https:\/\/praguefearhouse.com\/en\/wp-json\/wp\/v2\/product_tag?post=860"}],"curies":[{"name":"wp","href":"https:\/\/api.w.org\/{rel}","templated":true}]}}