{"id":867,"date":"2021-10-17T08:59:30","date_gmt":"2021-10-17T08:59:30","guid":{"rendered":"http:\/\/www.praguefearhouse.com\/?post_type=product&#038;p=867"},"modified":"2026-03-31T07:02:45","modified_gmt":"2026-03-31T05:02:45","slug":"hardcore","status":"publish","type":"product","link":"https:\/\/praguefearhouse.com\/en\/product\/hardcore\/","title":{"rendered":"Hardcore"},"content":{"rendered":"<p>Before being put into the catacombs, the client receives an \"angel\" and is drawn into the action. If you want to experience horror on your own, this tour is right for him. Everyone gets a rescue password, which they can say at any time during the tour, and thus the experience ends for them. It is accessible from the age of 18. Everyone walks the underground alone and lasts about half an hour. There is a possibility of soiling, so we recommend replacement clothing.<br \/>\nNen\u00ed vhodn\u00e1 pro kardiaky, t\u011bhotn\u00e9, lidi slab\u0161\u00ed psychiky a epileptiky.<\/p>","protected":false},"excerpt":{"rendered":"<p>If you want to experience horror on your own, this tour is right for him.<\/p>","protected":false},"featured_media":2587,"comment_status":"open","ping_status":"closed","template":"","meta":{"_links_to":"","_links_to_target":""},"product_brand":[],"product_cat":[40],"product_tag":[],"class_list":{"0":"post-867","1":"product","2":"type-product","3":"status-publish","4":"has-post-thumbnail","6":"product_cat-prague-fear-house","8":"first","9":"instock","10":"downloadable","11":"shipping-taxable","12":"purchasable","13":"product-type-simple"},"yoast_head":"<!-- This site is optimized with the Yoast SEO plugin v26.2 - https:\/\/yoast.com\/wordpress\/plugins\/seo\/ -->\n<title>Hardcore - Prague Fear House<\/title>\n<meta name=\"description\" content=\"Kdo si chce pro\u017e\u00edt horor na vlastn\u00ed k\u016f\u017ei je tato prohl\u00eddka p\u0159\u00edmo pro n\u011bj. Nen\u00ed vhodn\u00e1 pro kardiaky, t\u011bhotn\u00e9, lidi slab\u0161\u00ed psychiky a epileptiky.\" \/>\n<meta name=\"robots\" content=\"index, follow, max-snippet:-1, max-image-preview:large, max-video-preview:-1\" \/>\n<link rel=\"canonical\" href=\"https:\/\/praguefearhouse.com\/en\/product\/hardcore\/\" \/>\n<meta property=\"og:locale\" content=\"en_GB\" \/>\n<meta property=\"og:type\" content=\"article\" \/>\n<meta property=\"og:title\" content=\"Hardcore - Prague Fear House\" \/>\n<meta property=\"og:description\" content=\"Kdo si chce pro\u017e\u00edt horor na vlastn\u00ed k\u016f\u017ei je tato prohl\u00eddka p\u0159\u00edmo pro n\u011bj. Nen\u00ed vhodn\u00e1 pro kardiaky, t\u011bhotn\u00e9, lidi slab\u0161\u00ed psychiky a epileptiky.\" \/>\n<meta property=\"og:url\" content=\"https:\/\/praguefearhouse.com\/en\/product\/hardcore\/\" \/>\n<meta property=\"og:site_name\" content=\"Prague Fear House\" \/>\n<meta property=\"article:modified_time\" content=\"2026-03-31T05:02:45+00:00\" \/>\n<meta property=\"og:image\" content=\"https:\/\/praguefearhouse.com\/wp-content\/uploads\/2021\/10\/Hardcore_2023-1024x683.png\" \/>\n\t<meta property=\"og:image:width\" content=\"1024\" \/>\n\t<meta property=\"og:image:height\" content=\"683\" \/>\n\t<meta property=\"og:image:type\" content=\"image\/png\" \/>\n<meta name=\"twitter:card\" content=\"summary_large_image\" \/>\n<meta name=\"twitter:label1\" content=\"Estimated reading time\" \/>\n\t<meta name=\"twitter:data1\" content=\"1 minute\" \/>\n<script type=\"application\/ld+json\" class=\"yoast-schema-graph\">{\"@context\":\"https:\/\/schema.org\",\"@graph\":[{\"@type\":\"WebPage\",\"@id\":\"https:\/\/praguefearhouse.com\/product\/hardcore\/\",\"url\":\"https:\/\/praguefearhouse.com\/product\/hardcore\/\",\"name\":\"Hardcore - Prague Fear House\",\"isPartOf\":{\"@id\":\"https:\/\/praguefearhouse.com\/#website\"},\"primaryImageOfPage\":{\"@id\":\"https:\/\/praguefearhouse.com\/product\/hardcore\/#primaryimage\"},\"image\":{\"@id\":\"https:\/\/praguefearhouse.com\/product\/hardcore\/#primaryimage\"},\"thumbnailUrl\":\"https:\/\/praguefearhouse.com\/wp-content\/uploads\/2021\/10\/Hardcore_2023.png\",\"datePublished\":\"2021-10-17T08:59:30+00:00\",\"dateModified\":\"2026-03-31T05:02:45+00:00\",\"description\":\"Kdo si chce pro\u017e\u00edt horor na vlastn\u00ed k\u016f\u017ei je tato prohl\u00eddka p\u0159\u00edmo pro n\u011bj. Nen\u00ed vhodn\u00e1 pro kardiaky, t\u011bhotn\u00e9, lidi slab\u0161\u00ed psychiky a epileptiky.\",\"breadcrumb\":{\"@id\":\"https:\/\/praguefearhouse.com\/product\/hardcore\/#breadcrumb\"},\"inLanguage\":\"en-GB\",\"potentialAction\":[{\"@type\":\"ReadAction\",\"target\":[\"https:\/\/praguefearhouse.com\/product\/hardcore\/\"]}]},{\"@type\":\"ImageObject\",\"inLanguage\":\"en-GB\",\"@id\":\"https:\/\/praguefearhouse.com\/product\/hardcore\/#primaryimage\",\"url\":\"https:\/\/praguefearhouse.com\/wp-content\/uploads\/2021\/10\/Hardcore_2023.png\",\"contentUrl\":\"https:\/\/praguefearhouse.com\/wp-content\/uploads\/2021\/10\/Hardcore_2023.png\",\"width\":6000,\"height\":4000},{\"@type\":\"BreadcrumbList\",\"@id\":\"https:\/\/praguefearhouse.com\/product\/hardcore\/#breadcrumb\",\"itemListElement\":[{\"@type\":\"ListItem\",\"position\":1,\"name\":\"Dom\u016f\",\"item\":\"https:\/\/praguefearhouse.com\/\"},{\"@type\":\"ListItem\",\"position\":2,\"name\":\"Vstupenky\",\"item\":\"https:\/\/praguefearhouse.com\/en\/vstupenky\/\"},{\"@type\":\"ListItem\",\"position\":3,\"name\":\"Hardcore\"}]},{\"@type\":\"WebSite\",\"@id\":\"https:\/\/praguefearhouse.com\/#website\",\"url\":\"https:\/\/praguefearhouse.com\/\",\"name\":\"Prague Fear House\",\"description\":\"Nic pro slab\u00e1 srdce\",\"publisher\":{\"@id\":\"https:\/\/praguefearhouse.com\/#organization\"},\"potentialAction\":[{\"@type\":\"SearchAction\",\"target\":{\"@type\":\"EntryPoint\",\"urlTemplate\":\"https:\/\/praguefearhouse.com\/?s={search_term_string}\"},\"query-input\":{\"@type\":\"PropertyValueSpecification\",\"valueRequired\":true,\"valueName\":\"search_term_string\"}}],\"inLanguage\":\"en-GB\"},{\"@type\":\"Organization\",\"@id\":\"https:\/\/praguefearhouse.com\/#organization\",\"name\":\"Prague Fear House s.r.o.\",\"url\":\"https:\/\/praguefearhouse.com\/\",\"logo\":{\"@type\":\"ImageObject\",\"inLanguage\":\"en-GB\",\"@id\":\"https:\/\/praguefearhouse.com\/#\/schema\/logo\/image\/\",\"url\":\"http:\/\/www.praguefearhouse.com\/wp-content\/uploads\/2021\/10\/cropped-cropped-cropped-20211015-112643-1.png\",\"contentUrl\":\"http:\/\/www.praguefearhouse.com\/wp-content\/uploads\/2021\/10\/cropped-cropped-cropped-20211015-112643-1.png\",\"width\":512,\"height\":512,\"caption\":\"Prague Fear House s.r.o.\"},\"image\":{\"@id\":\"https:\/\/praguefearhouse.com\/#\/schema\/logo\/image\/\"}}]}<\/script>\n<!-- \/ Yoast SEO plugin. -->","yoast_head_json":{"title":"Hardcore - Prague Fear House","description":"Kdo si chce pro\u017e\u00edt horor na vlastn\u00ed k\u016f\u017ei je tato prohl\u00eddka p\u0159\u00edmo pro n\u011bj. Nen\u00ed vhodn\u00e1 pro kardiaky, t\u011bhotn\u00e9, lidi slab\u0161\u00ed psychiky a epileptiky.","robots":{"index":"index","follow":"follow","max-snippet":"max-snippet:-1","max-image-preview":"max-image-preview:large","max-video-preview":"max-video-preview:-1"},"canonical":"https:\/\/praguefearhouse.com\/en\/product\/hardcore\/","og_locale":"en_GB","og_type":"article","og_title":"Hardcore - Prague Fear House","og_description":"Kdo si chce pro\u017e\u00edt horor na vlastn\u00ed k\u016f\u017ei je tato prohl\u00eddka p\u0159\u00edmo pro n\u011bj. Nen\u00ed vhodn\u00e1 pro kardiaky, t\u011bhotn\u00e9, lidi slab\u0161\u00ed psychiky a epileptiky.","og_url":"https:\/\/praguefearhouse.com\/en\/product\/hardcore\/","og_site_name":"Prague Fear House","article_modified_time":"2026-03-31T05:02:45+00:00","og_image":[{"width":1024,"height":683,"url":"https:\/\/praguefearhouse.com\/wp-content\/uploads\/2021\/10\/Hardcore_2023-1024x683.png","type":"image\/png"}],"twitter_card":"summary_large_image","twitter_misc":{"Estimated reading time":"1 minute"},"schema":{"@context":"https:\/\/schema.org","@graph":[{"@type":"WebPage","@id":"https:\/\/praguefearhouse.com\/product\/hardcore\/","url":"https:\/\/praguefearhouse.com\/product\/hardcore\/","name":"Hardcore - Prague Fear House","isPartOf":{"@id":"https:\/\/praguefearhouse.com\/#website"},"primaryImageOfPage":{"@id":"https:\/\/praguefearhouse.com\/product\/hardcore\/#primaryimage"},"image":{"@id":"https:\/\/praguefearhouse.com\/product\/hardcore\/#primaryimage"},"thumbnailUrl":"https:\/\/praguefearhouse.com\/wp-content\/uploads\/2021\/10\/Hardcore_2023.png","datePublished":"2021-10-17T08:59:30+00:00","dateModified":"2026-03-31T05:02:45+00:00","description":"Kdo si chce pro\u017e\u00edt horor na vlastn\u00ed k\u016f\u017ei je tato prohl\u00eddka p\u0159\u00edmo pro n\u011bj. Nen\u00ed vhodn\u00e1 pro kardiaky, t\u011bhotn\u00e9, lidi slab\u0161\u00ed psychiky a epileptiky.","breadcrumb":{"@id":"https:\/\/praguefearhouse.com\/product\/hardcore\/#breadcrumb"},"inLanguage":"en-GB","potentialAction":[{"@type":"ReadAction","target":["https:\/\/praguefearhouse.com\/product\/hardcore\/"]}]},{"@type":"ImageObject","inLanguage":"en-GB","@id":"https:\/\/praguefearhouse.com\/product\/hardcore\/#primaryimage","url":"https:\/\/praguefearhouse.com\/wp-content\/uploads\/2021\/10\/Hardcore_2023.png","contentUrl":"https:\/\/praguefearhouse.com\/wp-content\/uploads\/2021\/10\/Hardcore_2023.png","width":6000,"height":4000},{"@type":"BreadcrumbList","@id":"https:\/\/praguefearhouse.com\/product\/hardcore\/#breadcrumb","itemListElement":[{"@type":"ListItem","position":1,"name":"Dom\u016f","item":"https:\/\/praguefearhouse.com\/"},{"@type":"ListItem","position":2,"name":"Vstupenky","item":"https:\/\/praguefearhouse.com\/en\/vstupenky\/"},{"@type":"ListItem","position":3,"name":"Hardcore"}]},{"@type":"WebSite","@id":"https:\/\/praguefearhouse.com\/#website","url":"https:\/\/praguefearhouse.com\/","name":"Prague Fear House","description":"Nic pro slab\u00e1 srdce","publisher":{"@id":"https:\/\/praguefearhouse.com\/#organization"},"potentialAction":[{"@type":"SearchAction","target":{"@type":"EntryPoint","urlTemplate":"https:\/\/praguefearhouse.com\/?s={search_term_string}"},"query-input":{"@type":"PropertyValueSpecification","valueRequired":true,"valueName":"search_term_string"}}],"inLanguage":"en-GB"},{"@type":"Organization","@id":"https:\/\/praguefearhouse.com\/#organization","name":"Prague Fear House s.r.o.","url":"https:\/\/praguefearhouse.com\/","logo":{"@type":"ImageObject","inLanguage":"en-GB","@id":"https:\/\/praguefearhouse.com\/#\/schema\/logo\/image\/","url":"http:\/\/www.praguefearhouse.com\/wp-content\/uploads\/2021\/10\/cropped-cropped-cropped-20211015-112643-1.png","contentUrl":"http:\/\/www.praguefearhouse.com\/wp-content\/uploads\/2021\/10\/cropped-cropped-cropped-20211015-112643-1.png","width":512,"height":512,"caption":"Prague Fear House s.r.o."},"image":{"@id":"https:\/\/praguefearhouse.com\/#\/schema\/logo\/image\/"}}]}},"_links":{"self":[{"href":"https:\/\/praguefearhouse.com\/en\/wp-json\/wp\/v2\/product\/867","targetHints":{"allow":["GET"]}}],"collection":[{"href":"https:\/\/praguefearhouse.com\/en\/wp-json\/wp\/v2\/product"}],"about":[{"href":"https:\/\/praguefearhouse.com\/en\/wp-json\/wp\/v2\/types\/product"}],"replies":[{"embeddable":true,"href":"https:\/\/praguefearhouse.com\/en\/wp-json\/wp\/v2\/comments?post=867"}],"wp:featuredmedia":[{"embeddable":true,"href":"https:\/\/praguefearhouse.com\/en\/wp-json\/wp\/v2\/media\/2587"}],"wp:attachment":[{"href":"https:\/\/praguefearhouse.com\/en\/wp-json\/wp\/v2\/media?parent=867"}],"wp:term":[{"taxonomy":"product_brand","embeddable":true,"href":"https:\/\/praguefearhouse.com\/en\/wp-json\/wp\/v2\/product_brand?post=867"},{"taxonomy":"product_cat","embeddable":true,"href":"https:\/\/praguefearhouse.com\/en\/wp-json\/wp\/v2\/product_cat?post=867"},{"taxonomy":"product_tag","embeddable":true,"href":"https:\/\/praguefearhouse.com\/en\/wp-json\/wp\/v2\/product_tag?post=867"}],"curies":[{"name":"wp","href":"https:\/\/api.w.org\/{rel}","templated":true}]}}